{"id":16049,"date":"2025-12-16T22:13:40","date_gmt":"2025-12-16T21:13:40","guid":{"rendered":"https:\/\/produits-artisans-verdon.fr\/privacy-policy\/"},"modified":"2025-12-16T22:13:42","modified_gmt":"2025-12-16T21:13:42","slug":"privacy-policy","status":"publish","type":"page","link":"https:\/\/produits-artisans-verdon.fr\/en\/privacy-policy\/","title":{"rendered":"Privacy Policy"},"content":{"rendered":"\n<h2 class=\"wp-block-heading\">Use of Collected Personal Data<\/h2>\n\n<h3 class=\"wp-block-heading\">Comments<\/h3>\n\n<p>When you leave a comment on our website, the data entered in the comment form, as well as your IP address and browser user agent, are collected to help us detect spam.<\/p>\n\n<p>An anonymized string created from your email address (also called a hash) may be sent to the Gravatar service to check if you are using it. The Gravatar service privacy policy is available here: https:\/\/automattic.com\/privacy\/. After your comment is approved, your profile picture will be publicly visible next to your comment.<\/p>\n\n<h3 class=\"wp-block-heading\">Media<\/h3>\n\n<p>If you are a registered user and you upload images to the website, we advise you to avoid uploading images containing EXIF \u200b\u200bGPS location data. Website visitors can download and extract location data from these images.<\/p>\n\n<h3 class=\"wp-block-heading\">Contact Forms<\/h3>\n\n<p>The information we collect comes from the Contact form and the voluntary registration of your name and email address, so that we can respond to your message.<br\/>Your email address and contact information will only be used to reply to you and will be deleted afterward.<\/p>\n\n<h3 class=\"wp-block-heading\">Cookies<\/h3>\n\n<p>If you leave a comment on our site, you will be offered the option to save your name, email address, and website in cookies. This is solely for your convenience so you don&#8217;t have to re-enter this information if you leave another comment later. These cookies expire after one year.<\/p>\n\n<p>If you visit the login page, a temporary cookie will be created to determine if your browser accepts cookies. This cookie contains no personal data and will be automatically deleted when you close your browser.<\/p>\n\n<p>When you log in, we will set up several cookies to save your login information and screen preferences. The lifespan of a login cookie is two days, while that of a screen options cookie is one year. If you select &#8220;Remember me,&#8221; your login cookie will be stored for two weeks. If you log out of your account, the login cookie will be deleted.<\/p>\n\n<p>When you edit or publish a post, an additional cookie will be saved in your browser. This cookie contains no personal data. It simply indicates the post ID of the article you just edited. It expires after one day.<\/p>\n\n<h3 class=\"wp-block-heading\">Embedded content from other websites<\/h3>\n\n<p>Articles on this site may include embedded content (e.g., videos, images, articles, etc.). Embedded content from other websites behaves in the same way as if the visitor had visited the other website.<\/p>\n\n<p>These websites may collect data about you, use cookies, embed additional third-party tracking, and monitor your interaction with that embedded content if you have an account and are logged in to that website.<\/p>\n\n<h3 class=\"wp-block-heading\">Statistics and audience measurement<\/h3>\n\n<p>We track connections to our site to compile statistics using Google Analytics.<\/p>\n\n<h2 class=\"wp-block-heading\">Use and transmission of your personal data<\/h2>\n\n<h2 class=\"wp-block-heading\">Data retention periods<\/h2>\n\n<p>If you leave a comment, the comment and its metadata are retained indefinitely. This allows us to automatically recognize and approve subsequent comments instead of holding them in a moderation queue.<\/p>\n\n<p>For users who register on our site (if this option is available), we also store the personal information they provide in their user profile. All users can view, edit, or delete their personal information at any time (except for their username). Website administrators can also view and edit this information.<\/p>\n\n<h2 class=\"wp-block-heading\">Your rights regarding your data<\/h2>\n\n<p>If you have an account or have left comments on the site, you can request to receive a file containing all the personal data we hold about you, including any data you have provided to us. You can also request the deletion of your personal data. This does not include data stored for administrative, legal, or security purposes.<\/p>\n\n<h2 class=\"wp-block-heading\">Transmission of your personal data<\/h2>\n\n<p>Visitor comments may be checked using an automated spam detection service.<\/p>\n","protected":false},"excerpt":{"rendered":"<p>Use of Collected Personal Data Comments When you leave a comment on our website, the data entered in the comment [&hellip;]<\/p>\n","protected":false},"author":1,"featured_media":0,"parent":0,"menu_order":0,"comment_status":"closed","ping_status":"open","template":"","meta":{"_uag_custom_page_level_css":"","site-sidebar-layout":"default","site-content-layout":"","ast-site-content-layout":"default","site-content-style":"default","site-sidebar-style":"default","ast-global-header-display":"","ast-banner-title-visibility":"","ast-main-header-display":"","ast-hfb-above-header-display":"","ast-hfb-below-header-display":"","ast-hfb-mobile-header-display":"","site-post-title":"","ast-breadcrumbs-content":"","ast-featured-img":"","footer-sml-layout":"","ast-disable-related-posts":"","theme-transparent-header-meta":"","adv-header-id-meta":"","stick-header-meta":"","header-above-stick-meta":"","header-main-stick-meta":"","header-below-stick-meta":"","astra-migrate-meta-layouts":"default","ast-page-background-enabled":"default","ast-page-background-meta":{"desktop":{"background-color":"var(--ast-global-color-5)","background-image":"","background-repeat":"repeat","background-position":"center center","background-size":"auto","background-attachment":"scroll","background-type":"","background-media":"","overlay-type":"","overlay-color":"","overlay-opacity":"","overlay-gradient":""},"tablet":{"background-color":"","background-image":"","background-repeat":"repeat","background-position":"center center","background-size":"auto","background-attachment":"scroll","background-type":"","background-media":"","overlay-type":"","overlay-color":"","overlay-opacity":"","overlay-gradient":""},"mobile":{"background-color":"","background-image":"","background-repeat":"repeat","background-position":"center center","background-size":"auto","background-attachment":"scroll","background-type":"","background-media":"","overlay-type":"","overlay-color":"","overlay-opacity":"","overlay-gradient":""}},"ast-content-background-meta":{"desktop":{"background-color":"var(--ast-global-color-4)","background-image":"","background-repeat":"repeat","background-position":"center center","background-size":"auto","background-attachment":"scroll","background-type":"","background-media":"","overlay-type":"","overlay-color":"","overlay-opacity":"","overlay-gradient":""},"tablet":{"background-color":"var(--ast-global-color-4)","background-image":"","background-repeat":"repeat","background-position":"center center","background-size":"auto","background-attachment":"scroll","background-type":"","background-media":"","overlay-type":"","overlay-color":"","overlay-opacity":"","overlay-gradient":""},"mobile":{"background-color":"var(--ast-global-color-4)","background-image":"","background-repeat":"repeat","background-position":"center center","background-size":"auto","background-attachment":"scroll","background-type":"","background-media":"","overlay-type":"","overlay-color":"","overlay-opacity":"","overlay-gradient":""}},"footnotes":""},"class_list":["post-16049","page","type-page","status-publish","hentry"],"yoast_head":"<!-- This site is optimized with the Yoast SEO plugin v27.3 - https:\/\/yoast.com\/product\/yoast-seo-wordpress\/ -->\n<title>Privacy Policy - Maison de pays du Verdon<\/title>\n<meta name=\"description\" content=\"Vente directe des producteurs et artisans du Verdon et du plateau de Valensole en Provence : produits r\u00e9gionaux, artisanat, miel, huile d&#039;olive, amandes, lavande, p\u00e2t\u00e9s, tapas, tapenades, sirops, herbes de Provence, liqueurs, bien-\u00eatre... Produits naturels, agriculture raisonn\u00e9e ou bio.\" \/>\n<meta name=\"robots\" content=\"index, follow, max-snippet:-1, max-image-preview:large, max-video-preview:-1\" \/>\n<link rel=\"canonical\" href=\"https:\/\/produits-artisans-verdon.fr\/en\/privacy-policy\/\" \/>\n<meta property=\"og:locale\" content=\"en_US\" \/>\n<meta property=\"og:type\" content=\"article\" \/>\n<meta property=\"og:title\" content=\"Privacy Policy - Maison de pays du Verdon\" \/>\n<meta property=\"og:description\" content=\"Vente directe des producteurs et artisans du Verdon et du plateau de Valensole en Provence : produits r\u00e9gionaux, artisanat, miel, huile d&#039;olive, amandes, lavande, p\u00e2t\u00e9s, tapas, tapenades, sirops, herbes de Provence, liqueurs, bien-\u00eatre... Produits naturels, agriculture raisonn\u00e9e ou bio.\" \/>\n<meta property=\"og:url\" content=\"https:\/\/produits-artisans-verdon.fr\/en\/privacy-policy\/\" \/>\n<meta property=\"og:site_name\" content=\"Maison de pays du Verdon\" \/>\n<meta property=\"article:modified_time\" content=\"2025-12-16T21:13:42+00:00\" \/>\n<meta name=\"twitter:card\" content=\"summary_large_image\" \/>\n<meta name=\"twitter:label1\" content=\"Est. reading time\" \/>\n\t<meta name=\"twitter:data1\" content=\"3 minutes\" \/>\n<script type=\"application\/ld+json\" class=\"yoast-schema-graph\">{\"@context\":\"https:\\\/\\\/schema.org\",\"@graph\":[{\"@type\":\"WebPage\",\"@id\":\"https:\\\/\\\/produits-artisans-verdon.fr\\\/en\\\/privacy-policy\\\/\",\"url\":\"https:\\\/\\\/produits-artisans-verdon.fr\\\/en\\\/privacy-policy\\\/\",\"name\":\"Privacy Policy - Maison de pays du Verdon\",\"isPartOf\":{\"@id\":\"https:\\\/\\\/produits-artisans-verdon.fr\\\/en\\\/#website\"},\"datePublished\":\"2025-12-16T21:13:40+00:00\",\"dateModified\":\"2025-12-16T21:13:42+00:00\",\"description\":\"Vente directe des producteurs et artisans du Verdon et du plateau de Valensole en Provence : produits r\u00e9gionaux, artisanat, miel, huile d'olive, amandes, lavande, p\u00e2t\u00e9s, tapas, tapenades, sirops, herbes de Provence, liqueurs, bien-\u00eatre... Produits naturels, agriculture raisonn\u00e9e ou bio.\",\"breadcrumb\":{\"@id\":\"https:\\\/\\\/produits-artisans-verdon.fr\\\/en\\\/privacy-policy\\\/#breadcrumb\"},\"inLanguage\":\"en-US\",\"potentialAction\":[{\"@type\":\"ReadAction\",\"target\":[\"https:\\\/\\\/produits-artisans-verdon.fr\\\/en\\\/privacy-policy\\\/\"]}]},{\"@type\":\"BreadcrumbList\",\"@id\":\"https:\\\/\\\/produits-artisans-verdon.fr\\\/en\\\/privacy-policy\\\/#breadcrumb\",\"itemListElement\":[{\"@type\":\"ListItem\",\"position\":1,\"name\":\"Accueil\",\"item\":\"https:\\\/\\\/produits-artisans-verdon.fr\\\/en\\\/\"},{\"@type\":\"ListItem\",\"position\":2,\"name\":\"Privacy Policy\"}]},{\"@type\":\"WebSite\",\"@id\":\"https:\\\/\\\/produits-artisans-verdon.fr\\\/en\\\/#website\",\"url\":\"https:\\\/\\\/produits-artisans-verdon.fr\\\/en\\\/\",\"name\":\"Maison de pays du Verdon\",\"description\":\"Artisanat - Produits r\u00e9gionaux\",\"publisher\":{\"@id\":\"https:\\\/\\\/produits-artisans-verdon.fr\\\/en\\\/#organization\"},\"potentialAction\":[{\"@type\":\"SearchAction\",\"target\":{\"@type\":\"EntryPoint\",\"urlTemplate\":\"https:\\\/\\\/produits-artisans-verdon.fr\\\/en\\\/?s={search_term_string}\"},\"query-input\":{\"@type\":\"PropertyValueSpecification\",\"valueRequired\":true,\"valueName\":\"search_term_string\"}}],\"inLanguage\":\"en-US\"},{\"@type\":\"Organization\",\"@id\":\"https:\\\/\\\/produits-artisans-verdon.fr\\\/en\\\/#organization\",\"name\":\"Maison de produits de pays du Verdon\",\"url\":\"https:\\\/\\\/produits-artisans-verdon.fr\\\/en\\\/\",\"logo\":{\"@type\":\"ImageObject\",\"inLanguage\":\"en-US\",\"@id\":\"https:\\\/\\\/produits-artisans-verdon.fr\\\/en\\\/#\\\/schema\\\/logo\\\/image\\\/\",\"url\":\"https:\\\/\\\/produits-artisans-verdon.fr\\\/wp-content\\\/uploads\\\/2019\\\/11\\\/logo-maison-produits-verdon1-e1575662228575.png\",\"contentUrl\":\"https:\\\/\\\/produits-artisans-verdon.fr\\\/wp-content\\\/uploads\\\/2019\\\/11\\\/logo-maison-produits-verdon1-e1575662228575.png\",\"width\":110,\"height\":107,\"caption\":\"Maison de produits de pays du Verdon\"},\"image\":{\"@id\":\"https:\\\/\\\/produits-artisans-verdon.fr\\\/en\\\/#\\\/schema\\\/logo\\\/image\\\/\"}}]}<\/script>\n<!-- \/ Yoast SEO plugin. -->","yoast_head_json":{"title":"Privacy Policy - Maison de pays du Verdon","description":"Vente directe des producteurs et artisans du Verdon et du plateau de Valensole en Provence : produits r\u00e9gionaux, artisanat, miel, huile d'olive, amandes, lavande, p\u00e2t\u00e9s, tapas, tapenades, sirops, herbes de Provence, liqueurs, bien-\u00eatre... Produits naturels, agriculture raisonn\u00e9e ou bio.","robots":{"index":"index","follow":"follow","max-snippet":"max-snippet:-1","max-image-preview":"max-image-preview:large","max-video-preview":"max-video-preview:-1"},"canonical":"https:\/\/produits-artisans-verdon.fr\/en\/privacy-policy\/","og_locale":"en_US","og_type":"article","og_title":"Privacy Policy - Maison de pays du Verdon","og_description":"Vente directe des producteurs et artisans du Verdon et du plateau de Valensole en Provence : produits r\u00e9gionaux, artisanat, miel, huile d'olive, amandes, lavande, p\u00e2t\u00e9s, tapas, tapenades, sirops, herbes de Provence, liqueurs, bien-\u00eatre... Produits naturels, agriculture raisonn\u00e9e ou bio.","og_url":"https:\/\/produits-artisans-verdon.fr\/en\/privacy-policy\/","og_site_name":"Maison de pays du Verdon","article_modified_time":"2025-12-16T21:13:42+00:00","twitter_card":"summary_large_image","twitter_misc":{"Est. reading time":"3 minutes"},"schema":{"@context":"https:\/\/schema.org","@graph":[{"@type":"WebPage","@id":"https:\/\/produits-artisans-verdon.fr\/en\/privacy-policy\/","url":"https:\/\/produits-artisans-verdon.fr\/en\/privacy-policy\/","name":"Privacy Policy - Maison de pays du Verdon","isPartOf":{"@id":"https:\/\/produits-artisans-verdon.fr\/en\/#website"},"datePublished":"2025-12-16T21:13:40+00:00","dateModified":"2025-12-16T21:13:42+00:00","description":"Vente directe des producteurs et artisans du Verdon et du plateau de Valensole en Provence : produits r\u00e9gionaux, artisanat, miel, huile d'olive, amandes, lavande, p\u00e2t\u00e9s, tapas, tapenades, sirops, herbes de Provence, liqueurs, bien-\u00eatre... Produits naturels, agriculture raisonn\u00e9e ou bio.","breadcrumb":{"@id":"https:\/\/produits-artisans-verdon.fr\/en\/privacy-policy\/#breadcrumb"},"inLanguage":"en-US","potentialAction":[{"@type":"ReadAction","target":["https:\/\/produits-artisans-verdon.fr\/en\/privacy-policy\/"]}]},{"@type":"BreadcrumbList","@id":"https:\/\/produits-artisans-verdon.fr\/en\/privacy-policy\/#breadcrumb","itemListElement":[{"@type":"ListItem","position":1,"name":"Accueil","item":"https:\/\/produits-artisans-verdon.fr\/en\/"},{"@type":"ListItem","position":2,"name":"Privacy Policy"}]},{"@type":"WebSite","@id":"https:\/\/produits-artisans-verdon.fr\/en\/#website","url":"https:\/\/produits-artisans-verdon.fr\/en\/","name":"Maison de pays du Verdon","description":"Artisanat - Produits r\u00e9gionaux","publisher":{"@id":"https:\/\/produits-artisans-verdon.fr\/en\/#organization"},"potentialAction":[{"@type":"SearchAction","target":{"@type":"EntryPoint","urlTemplate":"https:\/\/produits-artisans-verdon.fr\/en\/?s={search_term_string}"},"query-input":{"@type":"PropertyValueSpecification","valueRequired":true,"valueName":"search_term_string"}}],"inLanguage":"en-US"},{"@type":"Organization","@id":"https:\/\/produits-artisans-verdon.fr\/en\/#organization","name":"Maison de produits de pays du Verdon","url":"https:\/\/produits-artisans-verdon.fr\/en\/","logo":{"@type":"ImageObject","inLanguage":"en-US","@id":"https:\/\/produits-artisans-verdon.fr\/en\/#\/schema\/logo\/image\/","url":"https:\/\/produits-artisans-verdon.fr\/wp-content\/uploads\/2019\/11\/logo-maison-produits-verdon1-e1575662228575.png","contentUrl":"https:\/\/produits-artisans-verdon.fr\/wp-content\/uploads\/2019\/11\/logo-maison-produits-verdon1-e1575662228575.png","width":110,"height":107,"caption":"Maison de produits de pays du Verdon"},"image":{"@id":"https:\/\/produits-artisans-verdon.fr\/en\/#\/schema\/logo\/image\/"}}]}},"uagb_featured_image_src":{"full":false,"thumbnail":false,"medium":false,"medium_large":false,"large":false,"1536x1536":false,"2048x2048":false,"woocommerce_thumbnail":false,"woocommerce_single":false,"woocommerce_gallery_thumbnail":false},"uagb_author_info":{"display_name":"Maison","author_link":"https:\/\/produits-artisans-verdon.fr\/en\/author\/maison\/"},"uagb_comment_info":0,"uagb_excerpt":"Use of Collected Personal Data Comments When you leave a comment on our website, the data entered in the comment [&hellip;]","_links":{"self":[{"href":"https:\/\/produits-artisans-verdon.fr\/en\/wp-json\/wp\/v2\/pages\/16049","targetHints":{"allow":["GET"]}}],"collection":[{"href":"https:\/\/produits-artisans-verdon.fr\/en\/wp-json\/wp\/v2\/pages"}],"about":[{"href":"https:\/\/produits-artisans-verdon.fr\/en\/wp-json\/wp\/v2\/types\/page"}],"author":[{"embeddable":true,"href":"https:\/\/produits-artisans-verdon.fr\/en\/wp-json\/wp\/v2\/users\/1"}],"replies":[{"embeddable":true,"href":"https:\/\/produits-artisans-verdon.fr\/en\/wp-json\/wp\/v2\/comments?post=16049"}],"version-history":[{"count":0,"href":"https:\/\/produits-artisans-verdon.fr\/en\/wp-json\/wp\/v2\/pages\/16049\/revisions"}],"wp:attachment":[{"href":"https:\/\/produits-artisans-verdon.fr\/en\/wp-json\/wp\/v2\/media?parent=16049"}],"curies":[{"name":"wp","href":"https:\/\/api.w.org\/{rel}","templated":true}]}}