{"id":15283,"date":"2020-06-07T10:18:19","date_gmt":"2020-06-07T08:18:19","guid":{"rendered":"https:\/\/produits-artisans-verdon.fr\/produit\/natural-juniper-wood-shavings-cade-wood\/"},"modified":"2025-04-22T17:35:24","modified_gmt":"2025-04-22T15:35:24","slug":"natural-juniper-wood-shavings-cade-wood","status":"publish","type":"product","link":"https:\/\/produits-artisans-verdon.fr\/en\/produit\/natural-juniper-wood-shavings-cade-wood\/","title":{"rendered":"Natural Juniper Wood Shavings (Cade Wood)"},"content":{"rendered":"<h3 class=\"\" data-start=\"170\" data-end=\"236\"><strong data-start=\"174\" data-end=\"236\">The Natural Scent of Cade Wood: A Breath of Haute-Provence<\/strong><\/h3>\n<p class=\"\" data-start=\"238\" data-end=\"481\">The natural fragrance of <strong data-start=\"263\" data-end=\"276\">cade wood<\/strong> (<em data-start=\"278\" data-end=\"299\">Juniperus oxycedrus<\/em>) will transport you to the vast, wild landscapes of Haute-Provence, where this resilient shrub from the juniper family grows freely in the Mediterranean <strong data-start=\"453\" data-end=\"465\">garrigue<\/strong> and <strong data-start=\"470\" data-end=\"480\">maquis<\/strong>.<\/p>\n<p class=\"\" data-start=\"483\" data-end=\"802\">Its rot-resistant wood contains an essential oil traditionally extracted for its <strong data-start=\"564\" data-end=\"603\">cosmetic, medicinal, and antiseptic<\/strong> properties. Known for its natural <strong data-start=\"638\" data-end=\"662\">moth-repellent power<\/strong>, cade wood is also cherished in the form of <strong data-start=\"707\" data-end=\"716\">discs<\/strong> or <strong data-start=\"720\" data-end=\"730\">palets<\/strong> as tactile, soothing objects that bring a sense of calm and well-being.<\/p>\n<p class=\"\" data-start=\"804\" data-end=\"1013\"><strong data-start=\"804\" data-end=\"830\">The scent of Cade wood<\/strong> is unmistakably Proven\u00e7al\u2014woody, smoky, and earthy. Its essential oil is used in natural skincare and wellness, while the wood itself is valued for both its durability and fragrance.<\/p>\n<p class=\"\" data-start=\"1015\" data-end=\"1250\">We use cade wood shavings to create <strong data-start=\"1051\" data-end=\"1070\">scented sachets<\/strong>, <strong data-start=\"1072\" data-end=\"1099\">natural moth repellents<\/strong>, <strong data-start=\"1101\" data-end=\"1115\">potpourris<\/strong>, or even as a <strong data-start=\"1130\" data-end=\"1150\">vacuum freshener<\/strong>. All our cade products are crafted in <strong data-start=\"1189\" data-end=\"1204\">Forcalquier<\/strong>, in the heart of the Alpes-de-Haute-Provence.<\/p>\n","protected":false},"excerpt":{"rendered":"<h3 class=\"\" data-start=\"67\" data-end=\"93\"><strong data-start=\"71\" data-end=\"93\">Cade Wood Shavings<\/strong><\/h3>\n<p class=\"\" data-start=\"95\" data-end=\"110\"><strong data-start=\"95\" data-end=\"105\">Volume<\/strong>: 1 L<\/p>\n<p class=\"\" data-start=\"112\" data-end=\"433\">The natural fragrance of <strong data-start=\"137\" data-end=\"150\">cade wood<\/strong> (<em data-start=\"152\" data-end=\"173\">Juniperus oxycedrus<\/em>) evokes the landscapes of Provence, where this shrub from the juniper family grows freely in the Mediterranean <strong data-start=\"285\" data-end=\"297\">garrigue<\/strong> and <strong data-start=\"302\" data-end=\"312\">maquis<\/strong>.<br data-start=\"313\" data-end=\"316\" \/>Its durable, rot-resistant wood contains an oil that is extracted for its <strong data-start=\"390\" data-end=\"402\">cosmetic<\/strong> and <strong data-start=\"407\" data-end=\"421\">antiseptic<\/strong> properties.<\/p>\n<p class=\"\" data-start=\"435\" data-end=\"647\">Cade wood shavings are used to create <strong data-start=\"473\" data-end=\"492\">scented sachets<\/strong>, <strong data-start=\"494\" data-end=\"513\">moth repellents<\/strong>, <strong data-start=\"515\" data-end=\"529\">potpourris<\/strong>, or even as a <strong data-start=\"544\" data-end=\"564\">vacuum freshener<\/strong>. They are crafted in <strong data-start=\"586\" data-end=\"601\">Forcalquier<\/strong>, in the heart of the Alpes-de-Haute-Provence.<\/p>\n<p class=\"\" data-start=\"649\" data-end=\"673\"><strong data-start=\"649\" data-end=\"663\">Net weight<\/strong>: +\/- 165g<\/p>\n","protected":false},"featured_media":9571,"comment_status":"open","ping_status":"closed","template":"","meta":{"_uag_custom_page_level_css":"","site-sidebar-layout":"default","site-content-layout":"","ast-site-content-layout":"default","site-content-style":"default","site-sidebar-style":"default","ast-global-header-display":"","ast-banner-title-visibility":"","ast-main-header-display":"","ast-hfb-above-header-display":"","ast-hfb-below-header-display":"","ast-hfb-mobile-header-display":"","site-post-title":"","ast-breadcrumbs-content":"","ast-featured-img":"","footer-sml-layout":"","ast-disable-related-posts":"","theme-transparent-header-meta":"","adv-header-id-meta":"","stick-header-meta":"","header-above-stick-meta":"","header-main-stick-meta":"","header-below-stick-meta":"","astra-migrate-meta-layouts":"default","ast-page-background-enabled":"default","ast-page-background-meta":{"desktop":{"background-color":"var(--ast-global-color-5)","background-image":"","background-repeat":"repeat","background-position":"center center","background-size":"auto","background-attachment":"scroll","background-type":"","background-media":"","overlay-type":"","overlay-color":"","overlay-opacity":"","overlay-gradient":""},"tablet":{"background-color":"","background-image":"","background-repeat":"repeat","background-position":"center center","background-size":"auto","background-attachment":"scroll","background-type":"","background-media":"","overlay-type":"","overlay-color":"","overlay-opacity":"","overlay-gradient":""},"mobile":{"background-color":"","background-image":"","background-repeat":"repeat","background-position":"center center","background-size":"auto","background-attachment":"scroll","background-type":"","background-media":"","overlay-type":"","overlay-color":"","overlay-opacity":"","overlay-gradient":""}},"ast-content-background-meta":{"desktop":{"background-color":"var(--ast-global-color-4)","background-image":"","background-repeat":"repeat","background-position":"center center","background-size":"auto","background-attachment":"scroll","background-type":"","background-media":"","overlay-type":"","overlay-color":"","overlay-opacity":"","overlay-gradient":""},"tablet":{"background-color":"var(--ast-global-color-4)","background-image":"","background-repeat":"repeat","background-position":"center center","background-size":"auto","background-attachment":"scroll","background-type":"","background-media":"","overlay-type":"","overlay-color":"","overlay-opacity":"","overlay-gradient":""},"mobile":{"background-color":"var(--ast-global-color-4)","background-image":"","background-repeat":"repeat","background-position":"center center","background-size":"auto","background-attachment":"scroll","background-type":"","background-media":"","overlay-type":"","overlay-color":"","overlay-opacity":"","overlay-gradient":""}}},"pwb-brand":[1836],"product_brand":[],"product_cat":[1829],"product_tag":[1831,1835,1832,1830,1833,1834],"class_list":{"0":"post-15283","1":"product","2":"type-product","3":"status-publish","4":"has-post-thumbnail","6":"pwb-brand-francois-faure-en","7":"product_cat-juniper-wood-en","8":"product_tag-juniper-en","9":"product_tag-mood","10":"product_tag-moth-repellent","11":"product_tag-parfum-en","12":"product_tag-relaxing","13":"product_tag-shaving","14":"desktop-align-left","15":"tablet-align-left","16":"mobile-align-left","18":"first","19":"instock","20":"taxable","21":"shipping-taxable","22":"purchasable","23":"product-type-simple"},"yoast_head":"<!-- This site is optimized with the Yoast SEO plugin v27.3 - https:\/\/yoast.com\/product\/yoast-seo-wordpress\/ -->\n<title>Natural Juniper Wood Shavings (Cade Wood) - Maison de pays du Verdon<\/title>\n<meta name=\"description\" content=\"Vente directe des producteurs et artisans du Verdon et du plateau de Valensole: produits r\u00e9gionaux, artisanat, miel, huile d&#039;olive, amandes, lavande, p\u00e2t\u00e9s, confitures, sirops, liqueurs, cr\u00e8mes, savons... Produits naturels, agriculture raisonn\u00e9e ou bio.\" \/>\n<meta name=\"robots\" content=\"index, follow, max-snippet:-1, max-image-preview:large, max-video-preview:-1\" \/>\n<link rel=\"canonical\" href=\"https:\/\/produits-artisans-verdon.fr\/en\/produit\/natural-juniper-wood-shavings-cade-wood\/\" \/>\n<meta property=\"og:locale\" content=\"en_US\" \/>\n<meta property=\"og:type\" content=\"article\" \/>\n<meta property=\"og:title\" content=\"Natural Juniper Wood Shavings (Cade Wood) - Maison de pays du Verdon\" \/>\n<meta property=\"og:description\" content=\"Vente directe des producteurs et artisans du Verdon et du plateau de Valensole: produits r\u00e9gionaux, artisanat, miel, huile d&#039;olive, amandes, lavande, p\u00e2t\u00e9s, confitures, sirops, liqueurs, cr\u00e8mes, savons... Produits naturels, agriculture raisonn\u00e9e ou bio.\" \/>\n<meta property=\"og:url\" content=\"https:\/\/produits-artisans-verdon.fr\/en\/produit\/natural-juniper-wood-shavings-cade-wood\/\" \/>\n<meta property=\"og:site_name\" content=\"Maison de pays du Verdon\" \/>\n<meta property=\"article:modified_time\" content=\"2025-04-22T15:35:24+00:00\" \/>\n<meta property=\"og:image\" content=\"https:\/\/produits-artisans-verdon.fr\/wp-content\/uploads\/copeaux-bois-cade.jpg\" \/>\n\t<meta property=\"og:image:width\" content=\"375\" \/>\n\t<meta property=\"og:image:height\" content=\"500\" \/>\n\t<meta property=\"og:image:type\" content=\"image\/jpeg\" \/>\n<meta name=\"twitter:card\" content=\"summary_large_image\" \/>\n<meta name=\"twitter:label1\" content=\"Est. reading time\" \/>\n\t<meta name=\"twitter:data1\" content=\"1 minute\" \/>\n<script type=\"application\/ld+json\" class=\"yoast-schema-graph\">{\"@context\":\"https:\\\/\\\/schema.org\",\"@graph\":[{\"@type\":\"WebPage\",\"@id\":\"https:\\\/\\\/produits-artisans-verdon.fr\\\/en\\\/produit\\\/natural-juniper-wood-shavings-cade-wood\\\/\",\"url\":\"https:\\\/\\\/produits-artisans-verdon.fr\\\/en\\\/produit\\\/natural-juniper-wood-shavings-cade-wood\\\/\",\"name\":\"Natural Juniper Wood Shavings (Cade Wood) - Maison de pays du Verdon\",\"isPartOf\":{\"@id\":\"https:\\\/\\\/produits-artisans-verdon.fr\\\/en\\\/#website\"},\"primaryImageOfPage\":{\"@id\":\"https:\\\/\\\/produits-artisans-verdon.fr\\\/en\\\/produit\\\/natural-juniper-wood-shavings-cade-wood\\\/#primaryimage\"},\"image\":{\"@id\":\"https:\\\/\\\/produits-artisans-verdon.fr\\\/en\\\/produit\\\/natural-juniper-wood-shavings-cade-wood\\\/#primaryimage\"},\"thumbnailUrl\":\"https:\\\/\\\/produits-artisans-verdon.fr\\\/wp-content\\\/uploads\\\/copeaux-bois-cade.jpg\",\"datePublished\":\"2020-06-07T08:18:19+00:00\",\"dateModified\":\"2025-04-22T15:35:24+00:00\",\"description\":\"Vente directe des producteurs et artisans du Verdon et du plateau de Valensole: produits r\u00e9gionaux, artisanat, miel, huile d'olive, amandes, lavande, p\u00e2t\u00e9s, confitures, sirops, liqueurs, cr\u00e8mes, savons... Produits naturels, agriculture raisonn\u00e9e ou bio.\",\"breadcrumb\":{\"@id\":\"https:\\\/\\\/produits-artisans-verdon.fr\\\/en\\\/produit\\\/natural-juniper-wood-shavings-cade-wood\\\/#breadcrumb\"},\"inLanguage\":\"en-US\",\"potentialAction\":[{\"@type\":\"ReadAction\",\"target\":[\"https:\\\/\\\/produits-artisans-verdon.fr\\\/en\\\/produit\\\/natural-juniper-wood-shavings-cade-wood\\\/\"]}]},{\"@type\":\"ImageObject\",\"inLanguage\":\"en-US\",\"@id\":\"https:\\\/\\\/produits-artisans-verdon.fr\\\/en\\\/produit\\\/natural-juniper-wood-shavings-cade-wood\\\/#primaryimage\",\"url\":\"https:\\\/\\\/produits-artisans-verdon.fr\\\/wp-content\\\/uploads\\\/copeaux-bois-cade.jpg\",\"contentUrl\":\"https:\\\/\\\/produits-artisans-verdon.fr\\\/wp-content\\\/uploads\\\/copeaux-bois-cade.jpg\",\"width\":375,\"height\":500},{\"@type\":\"BreadcrumbList\",\"@id\":\"https:\\\/\\\/produits-artisans-verdon.fr\\\/en\\\/produit\\\/natural-juniper-wood-shavings-cade-wood\\\/#breadcrumb\",\"itemListElement\":[{\"@type\":\"ListItem\",\"position\":1,\"name\":\"Accueil\",\"item\":\"https:\\\/\\\/produits-artisans-verdon.fr\\\/en\\\/\"},{\"@type\":\"ListItem\",\"position\":2,\"name\":\"Shop\",\"item\":\"https:\\\/\\\/produits-artisans-verdon.fr\\\/en\\\/shop\\\/\"},{\"@type\":\"ListItem\",\"position\":3,\"name\":\"Natural Juniper Wood Shavings (Cade Wood)\"}]},{\"@type\":\"WebSite\",\"@id\":\"https:\\\/\\\/produits-artisans-verdon.fr\\\/en\\\/#website\",\"url\":\"https:\\\/\\\/produits-artisans-verdon.fr\\\/en\\\/\",\"name\":\"Maison de pays du Verdon\",\"description\":\"Artisanat - Produits r\u00e9gionaux\",\"publisher\":{\"@id\":\"https:\\\/\\\/produits-artisans-verdon.fr\\\/en\\\/#organization\"},\"potentialAction\":[{\"@type\":\"SearchAction\",\"target\":{\"@type\":\"EntryPoint\",\"urlTemplate\":\"https:\\\/\\\/produits-artisans-verdon.fr\\\/en\\\/?s={search_term_string}\"},\"query-input\":{\"@type\":\"PropertyValueSpecification\",\"valueRequired\":true,\"valueName\":\"search_term_string\"}}],\"inLanguage\":\"en-US\"},{\"@type\":\"Organization\",\"@id\":\"https:\\\/\\\/produits-artisans-verdon.fr\\\/en\\\/#organization\",\"name\":\"Maison de produits de pays du Verdon\",\"url\":\"https:\\\/\\\/produits-artisans-verdon.fr\\\/en\\\/\",\"logo\":{\"@type\":\"ImageObject\",\"inLanguage\":\"en-US\",\"@id\":\"https:\\\/\\\/produits-artisans-verdon.fr\\\/en\\\/#\\\/schema\\\/logo\\\/image\\\/\",\"url\":\"https:\\\/\\\/produits-artisans-verdon.fr\\\/wp-content\\\/uploads\\\/2019\\\/11\\\/logo-maison-produits-verdon1-e1575662228575.png\",\"contentUrl\":\"https:\\\/\\\/produits-artisans-verdon.fr\\\/wp-content\\\/uploads\\\/2019\\\/11\\\/logo-maison-produits-verdon1-e1575662228575.png\",\"width\":110,\"height\":107,\"caption\":\"Maison de produits de pays du Verdon\"},\"image\":{\"@id\":\"https:\\\/\\\/produits-artisans-verdon.fr\\\/en\\\/#\\\/schema\\\/logo\\\/image\\\/\"}}]}<\/script>\n<!-- \/ Yoast SEO plugin. -->","yoast_head_json":{"title":"Natural Juniper Wood Shavings (Cade Wood) - Maison de pays du Verdon","description":"Vente directe des producteurs et artisans du Verdon et du plateau de Valensole: produits r\u00e9gionaux, artisanat, miel, huile d'olive, amandes, lavande, p\u00e2t\u00e9s, confitures, sirops, liqueurs, cr\u00e8mes, savons... Produits naturels, agriculture raisonn\u00e9e ou bio.","robots":{"index":"index","follow":"follow","max-snippet":"max-snippet:-1","max-image-preview":"max-image-preview:large","max-video-preview":"max-video-preview:-1"},"canonical":"https:\/\/produits-artisans-verdon.fr\/en\/produit\/natural-juniper-wood-shavings-cade-wood\/","og_locale":"en_US","og_type":"article","og_title":"Natural Juniper Wood Shavings (Cade Wood) - Maison de pays du Verdon","og_description":"Vente directe des producteurs et artisans du Verdon et du plateau de Valensole: produits r\u00e9gionaux, artisanat, miel, huile d'olive, amandes, lavande, p\u00e2t\u00e9s, confitures, sirops, liqueurs, cr\u00e8mes, savons... Produits naturels, agriculture raisonn\u00e9e ou bio.","og_url":"https:\/\/produits-artisans-verdon.fr\/en\/produit\/natural-juniper-wood-shavings-cade-wood\/","og_site_name":"Maison de pays du Verdon","article_modified_time":"2025-04-22T15:35:24+00:00","og_image":[{"width":375,"height":500,"url":"https:\/\/produits-artisans-verdon.fr\/wp-content\/uploads\/copeaux-bois-cade.jpg","type":"image\/jpeg"}],"twitter_card":"summary_large_image","twitter_misc":{"Est. reading time":"1 minute"},"schema":{"@context":"https:\/\/schema.org","@graph":[{"@type":"WebPage","@id":"https:\/\/produits-artisans-verdon.fr\/en\/produit\/natural-juniper-wood-shavings-cade-wood\/","url":"https:\/\/produits-artisans-verdon.fr\/en\/produit\/natural-juniper-wood-shavings-cade-wood\/","name":"Natural Juniper Wood Shavings (Cade Wood) - Maison de pays du Verdon","isPartOf":{"@id":"https:\/\/produits-artisans-verdon.fr\/en\/#website"},"primaryImageOfPage":{"@id":"https:\/\/produits-artisans-verdon.fr\/en\/produit\/natural-juniper-wood-shavings-cade-wood\/#primaryimage"},"image":{"@id":"https:\/\/produits-artisans-verdon.fr\/en\/produit\/natural-juniper-wood-shavings-cade-wood\/#primaryimage"},"thumbnailUrl":"https:\/\/produits-artisans-verdon.fr\/wp-content\/uploads\/copeaux-bois-cade.jpg","datePublished":"2020-06-07T08:18:19+00:00","dateModified":"2025-04-22T15:35:24+00:00","description":"Vente directe des producteurs et artisans du Verdon et du plateau de Valensole: produits r\u00e9gionaux, artisanat, miel, huile d'olive, amandes, lavande, p\u00e2t\u00e9s, confitures, sirops, liqueurs, cr\u00e8mes, savons... Produits naturels, agriculture raisonn\u00e9e ou bio.","breadcrumb":{"@id":"https:\/\/produits-artisans-verdon.fr\/en\/produit\/natural-juniper-wood-shavings-cade-wood\/#breadcrumb"},"inLanguage":"en-US","potentialAction":[{"@type":"ReadAction","target":["https:\/\/produits-artisans-verdon.fr\/en\/produit\/natural-juniper-wood-shavings-cade-wood\/"]}]},{"@type":"ImageObject","inLanguage":"en-US","@id":"https:\/\/produits-artisans-verdon.fr\/en\/produit\/natural-juniper-wood-shavings-cade-wood\/#primaryimage","url":"https:\/\/produits-artisans-verdon.fr\/wp-content\/uploads\/copeaux-bois-cade.jpg","contentUrl":"https:\/\/produits-artisans-verdon.fr\/wp-content\/uploads\/copeaux-bois-cade.jpg","width":375,"height":500},{"@type":"BreadcrumbList","@id":"https:\/\/produits-artisans-verdon.fr\/en\/produit\/natural-juniper-wood-shavings-cade-wood\/#breadcrumb","itemListElement":[{"@type":"ListItem","position":1,"name":"Accueil","item":"https:\/\/produits-artisans-verdon.fr\/en\/"},{"@type":"ListItem","position":2,"name":"Shop","item":"https:\/\/produits-artisans-verdon.fr\/en\/shop\/"},{"@type":"ListItem","position":3,"name":"Natural Juniper Wood Shavings (Cade Wood)"}]},{"@type":"WebSite","@id":"https:\/\/produits-artisans-verdon.fr\/en\/#website","url":"https:\/\/produits-artisans-verdon.fr\/en\/","name":"Maison de pays du Verdon","description":"Artisanat - Produits r\u00e9gionaux","publisher":{"@id":"https:\/\/produits-artisans-verdon.fr\/en\/#organization"},"potentialAction":[{"@type":"SearchAction","target":{"@type":"EntryPoint","urlTemplate":"https:\/\/produits-artisans-verdon.fr\/en\/?s={search_term_string}"},"query-input":{"@type":"PropertyValueSpecification","valueRequired":true,"valueName":"search_term_string"}}],"inLanguage":"en-US"},{"@type":"Organization","@id":"https:\/\/produits-artisans-verdon.fr\/en\/#organization","name":"Maison de produits de pays du Verdon","url":"https:\/\/produits-artisans-verdon.fr\/en\/","logo":{"@type":"ImageObject","inLanguage":"en-US","@id":"https:\/\/produits-artisans-verdon.fr\/en\/#\/schema\/logo\/image\/","url":"https:\/\/produits-artisans-verdon.fr\/wp-content\/uploads\/2019\/11\/logo-maison-produits-verdon1-e1575662228575.png","contentUrl":"https:\/\/produits-artisans-verdon.fr\/wp-content\/uploads\/2019\/11\/logo-maison-produits-verdon1-e1575662228575.png","width":110,"height":107,"caption":"Maison de produits de pays du Verdon"},"image":{"@id":"https:\/\/produits-artisans-verdon.fr\/en\/#\/schema\/logo\/image\/"}}]}},"uagb_featured_image_src":{"full":["https:\/\/produits-artisans-verdon.fr\/wp-content\/uploads\/copeaux-bois-cade.jpg",375,500,false],"thumbnail":["https:\/\/produits-artisans-verdon.fr\/wp-content\/uploads\/copeaux-bois-cade-150x150.jpg",150,150,true],"medium":["https:\/\/produits-artisans-verdon.fr\/wp-content\/uploads\/copeaux-bois-cade-225x300.jpg",225,300,true],"medium_large":["https:\/\/produits-artisans-verdon.fr\/wp-content\/uploads\/copeaux-bois-cade.jpg",375,500,false],"large":["https:\/\/produits-artisans-verdon.fr\/wp-content\/uploads\/copeaux-bois-cade.jpg",375,500,false],"1536x1536":["https:\/\/produits-artisans-verdon.fr\/wp-content\/uploads\/copeaux-bois-cade.jpg",375,500,false],"2048x2048":["https:\/\/produits-artisans-verdon.fr\/wp-content\/uploads\/copeaux-bois-cade.jpg",375,500,false],"woocommerce_thumbnail":["https:\/\/produits-artisans-verdon.fr\/wp-content\/uploads\/copeaux-bois-cade-319x319.jpg",319,319,true],"woocommerce_single":["https:\/\/produits-artisans-verdon.fr\/wp-content\/uploads\/copeaux-bois-cade.jpg",375,500,false],"woocommerce_gallery_thumbnail":["https:\/\/produits-artisans-verdon.fr\/wp-content\/uploads\/copeaux-bois-cade-100x100.jpg",100,100,true]},"uagb_author_info":{"display_name":"Maison","author_link":"https:\/\/produits-artisans-verdon.fr\/en\/author\/"},"uagb_comment_info":0,"uagb_excerpt":"Cade Wood Shavings Volume: 1 L The natural fragrance of cade wood (Juniperus oxycedrus) evokes the landscapes of Provence, where this shrub from the juniper family grows freely in the Mediterranean garrigue and maquis.Its durable, rot-resistant wood contains an oil that is extracted for its cosmetic and antiseptic properties. Cade wood shavings are used to&hellip;","brands":[{"id":1836,"name":"Fran\u00e7ois Faure","slug":"francois-faure-en"}],"_links":{"self":[{"href":"https:\/\/produits-artisans-verdon.fr\/en\/wp-json\/wp\/v2\/product\/15283","targetHints":{"allow":["GET"]}}],"collection":[{"href":"https:\/\/produits-artisans-verdon.fr\/en\/wp-json\/wp\/v2\/product"}],"about":[{"href":"https:\/\/produits-artisans-verdon.fr\/en\/wp-json\/wp\/v2\/types\/product"}],"replies":[{"embeddable":true,"href":"https:\/\/produits-artisans-verdon.fr\/en\/wp-json\/wp\/v2\/comments?post=15283"}],"wp:featuredmedia":[{"embeddable":true,"href":"https:\/\/produits-artisans-verdon.fr\/en\/wp-json\/wp\/v2\/media\/9571"}],"wp:attachment":[{"href":"https:\/\/produits-artisans-verdon.fr\/en\/wp-json\/wp\/v2\/media?parent=15283"}],"wp:term":[{"taxonomy":"pwb-brand","embeddable":true,"href":"https:\/\/produits-artisans-verdon.fr\/en\/wp-json\/wp\/v2\/pwb-brand?post=15283"},{"taxonomy":"product_brand","embeddable":true,"href":"https:\/\/produits-artisans-verdon.fr\/en\/wp-json\/wp\/v2\/product_brand?post=15283"},{"taxonomy":"product_cat","embeddable":true,"href":"https:\/\/produits-artisans-verdon.fr\/en\/wp-json\/wp\/v2\/product_cat?post=15283"},{"taxonomy":"product_tag","embeddable":true,"href":"https:\/\/produits-artisans-verdon.fr\/en\/wp-json\/wp\/v2\/product_tag?post=15283"}],"curies":[{"name":"wp","href":"https:\/\/api.w.org\/{rel}","templated":true}]}}