{"id":15318,"date":"2016-03-22T10:33:29","date_gmt":"2016-03-22T09:33:29","guid":{"rendered":"https:\/\/produits-artisans-verdon.fr\/produit\/honey-licorice-balls\/"},"modified":"2016-03-22T10:33:29","modified_gmt":"2016-03-22T09:33:29","slug":"honey-licorice-balls","status":"publish","type":"product","link":"https:\/\/produits-artisans-verdon.fr\/en\/produit\/honey-licorice-balls\/","title":{"rendered":"Honey Licorice Balls"},"content":{"rendered":"<p><strong data-start=\"55\" data-end=\"71\">Ingredients:<\/strong> Sugar, glucose syrup, honey (15%), natural licorice flavor, menthol.<\/p>\n","protected":false},"excerpt":{"rendered":"<p>Honey Licorice Candy Ball<\/p>\n","protected":false},"featured_media":5811,"comment_status":"open","ping_status":"closed","template":"","meta":{"_uag_custom_page_level_css":"","site-sidebar-layout":"default","site-content-layout":"","ast-site-content-layout":"default","site-content-style":"default","site-sidebar-style":"default","ast-global-header-display":"","ast-banner-title-visibility":"","ast-main-header-display":"","ast-hfb-above-header-display":"","ast-hfb-below-header-display":"","ast-hfb-mobile-header-display":"","site-post-title":"","ast-breadcrumbs-content":"","ast-featured-img":"","footer-sml-layout":"","ast-disable-related-posts":"","theme-transparent-header-meta":"","adv-header-id-meta":"","stick-header-meta":"","header-above-stick-meta":"","header-main-stick-meta":"","header-below-stick-meta":"","astra-migrate-meta-layouts":"default","ast-page-background-enabled":"default","ast-page-background-meta":{"desktop":{"background-color":"var(--ast-global-color-5)","background-image":"","background-repeat":"repeat","background-position":"center center","background-size":"auto","background-attachment":"scroll","background-type":"","background-media":"","overlay-type":"","overlay-color":"","overlay-opacity":"","overlay-gradient":""},"tablet":{"background-color":"","background-image":"","background-repeat":"repeat","background-position":"center center","background-size":"auto","background-attachment":"scroll","background-type":"","background-media":"","overlay-type":"","overlay-color":"","overlay-opacity":"","overlay-gradient":""},"mobile":{"background-color":"","background-image":"","background-repeat":"repeat","background-position":"center center","background-size":"auto","background-attachment":"scroll","background-type":"","background-media":"","overlay-type":"","overlay-color":"","overlay-opacity":"","overlay-gradient":""}},"ast-content-background-meta":{"desktop":{"background-color":"var(--ast-global-color-4)","background-image":"","background-repeat":"repeat","background-position":"center center","background-size":"auto","background-attachment":"scroll","background-type":"","background-media":"","overlay-type":"","overlay-color":"","overlay-opacity":"","overlay-gradient":""},"tablet":{"background-color":"var(--ast-global-color-4)","background-image":"","background-repeat":"repeat","background-position":"center center","background-size":"auto","background-attachment":"scroll","background-type":"","background-media":"","overlay-type":"","overlay-color":"","overlay-opacity":"","overlay-gradient":""},"mobile":{"background-color":"var(--ast-global-color-4)","background-image":"","background-repeat":"repeat","background-position":"center center","background-size":"auto","background-attachment":"scroll","background-type":"","background-media":"","overlay-type":"","overlay-color":"","overlay-opacity":"","overlay-gradient":""}}},"pwb-brand":[1328],"product_brand":[],"product_cat":[1356],"product_tag":[1853,1194,1305],"class_list":{"0":"post-15318","1":"product","2":"type-product","3":"status-publish","4":"has-post-thumbnail","6":"pwb-brand-apior-en","7":"product_cat-candy","8":"product_tag-candie","9":"product_tag-honey","10":"product_tag-liquorice","11":"pa_poids-200-g","12":"desktop-align-left","13":"tablet-align-left","14":"mobile-align-left","16":"first","17":"instock","18":"taxable","19":"shipping-taxable","20":"purchasable","21":"product-type-simple"},"yoast_head":"<!-- This site is optimized with the Yoast SEO plugin v27.3 - https:\/\/yoast.com\/product\/yoast-seo-wordpress\/ -->\n<title>Honey Licorice Balls - Maison de pays du Verdon<\/title>\n<meta name=\"description\" content=\"Vente directe des producteurs et artisans du Verdon et du plateau de Valensole: produits r\u00e9gionaux, artisanat, miel, huile d&#039;olive, amandes, lavande, p\u00e2t\u00e9s, confitures, sirops, liqueurs, cr\u00e8mes, savons... Produits naturels, agriculture raisonn\u00e9e ou bio.\" \/>\n<meta name=\"robots\" content=\"index, follow, max-snippet:-1, max-image-preview:large, max-video-preview:-1\" \/>\n<link rel=\"canonical\" href=\"https:\/\/produits-artisans-verdon.fr\/en\/produit\/honey-licorice-balls\/\" \/>\n<meta property=\"og:locale\" content=\"en_US\" \/>\n<meta property=\"og:type\" content=\"article\" \/>\n<meta property=\"og:title\" content=\"Honey Licorice Balls - Maison de pays du Verdon\" \/>\n<meta property=\"og:description\" content=\"Vente directe des producteurs et artisans du Verdon et du plateau de Valensole: produits r\u00e9gionaux, artisanat, miel, huile d&#039;olive, amandes, lavande, p\u00e2t\u00e9s, confitures, sirops, liqueurs, cr\u00e8mes, savons... Produits naturels, agriculture raisonn\u00e9e ou bio.\" \/>\n<meta property=\"og:url\" content=\"https:\/\/produits-artisans-verdon.fr\/en\/produit\/honey-licorice-balls\/\" \/>\n<meta property=\"og:site_name\" content=\"Maison de pays du Verdon\" \/>\n<meta property=\"og:image\" content=\"https:\/\/produits-artisans-verdon.fr\/wp-content\/uploads\/boule-reglisse-apior.jpg\" \/>\n\t<meta property=\"og:image:width\" content=\"635\" \/>\n\t<meta property=\"og:image:height\" content=\"500\" \/>\n\t<meta property=\"og:image:type\" content=\"image\/jpeg\" \/>\n<meta name=\"twitter:card\" content=\"summary_large_image\" \/>\n<script type=\"application\/ld+json\" class=\"yoast-schema-graph\">{\"@context\":\"https:\\\/\\\/schema.org\",\"@graph\":[{\"@type\":\"WebPage\",\"@id\":\"https:\\\/\\\/produits-artisans-verdon.fr\\\/en\\\/produit\\\/honey-licorice-balls\\\/\",\"url\":\"https:\\\/\\\/produits-artisans-verdon.fr\\\/en\\\/produit\\\/honey-licorice-balls\\\/\",\"name\":\"Honey Licorice Balls - Maison de pays du Verdon\",\"isPartOf\":{\"@id\":\"https:\\\/\\\/produits-artisans-verdon.fr\\\/en\\\/#website\"},\"primaryImageOfPage\":{\"@id\":\"https:\\\/\\\/produits-artisans-verdon.fr\\\/en\\\/produit\\\/honey-licorice-balls\\\/#primaryimage\"},\"image\":{\"@id\":\"https:\\\/\\\/produits-artisans-verdon.fr\\\/en\\\/produit\\\/honey-licorice-balls\\\/#primaryimage\"},\"thumbnailUrl\":\"https:\\\/\\\/produits-artisans-verdon.fr\\\/wp-content\\\/uploads\\\/boule-reglisse-apior.jpg\",\"datePublished\":\"2016-03-22T09:33:29+00:00\",\"description\":\"Vente directe des producteurs et artisans du Verdon et du plateau de Valensole: produits r\u00e9gionaux, artisanat, miel, huile d'olive, amandes, lavande, p\u00e2t\u00e9s, confitures, sirops, liqueurs, cr\u00e8mes, savons... Produits naturels, agriculture raisonn\u00e9e ou bio.\",\"breadcrumb\":{\"@id\":\"https:\\\/\\\/produits-artisans-verdon.fr\\\/en\\\/produit\\\/honey-licorice-balls\\\/#breadcrumb\"},\"inLanguage\":\"en-US\",\"potentialAction\":[{\"@type\":\"ReadAction\",\"target\":[\"https:\\\/\\\/produits-artisans-verdon.fr\\\/en\\\/produit\\\/honey-licorice-balls\\\/\"]}]},{\"@type\":\"ImageObject\",\"inLanguage\":\"en-US\",\"@id\":\"https:\\\/\\\/produits-artisans-verdon.fr\\\/en\\\/produit\\\/honey-licorice-balls\\\/#primaryimage\",\"url\":\"https:\\\/\\\/produits-artisans-verdon.fr\\\/wp-content\\\/uploads\\\/boule-reglisse-apior.jpg\",\"contentUrl\":\"https:\\\/\\\/produits-artisans-verdon.fr\\\/wp-content\\\/uploads\\\/boule-reglisse-apior.jpg\",\"width\":635,\"height\":500},{\"@type\":\"BreadcrumbList\",\"@id\":\"https:\\\/\\\/produits-artisans-verdon.fr\\\/en\\\/produit\\\/honey-licorice-balls\\\/#breadcrumb\",\"itemListElement\":[{\"@type\":\"ListItem\",\"position\":1,\"name\":\"Accueil\",\"item\":\"https:\\\/\\\/produits-artisans-verdon.fr\\\/en\\\/\"},{\"@type\":\"ListItem\",\"position\":2,\"name\":\"Shop\",\"item\":\"https:\\\/\\\/produits-artisans-verdon.fr\\\/en\\\/shop\\\/\"},{\"@type\":\"ListItem\",\"position\":3,\"name\":\"Honey Licorice Balls\"}]},{\"@type\":\"WebSite\",\"@id\":\"https:\\\/\\\/produits-artisans-verdon.fr\\\/en\\\/#website\",\"url\":\"https:\\\/\\\/produits-artisans-verdon.fr\\\/en\\\/\",\"name\":\"Maison de pays du Verdon\",\"description\":\"Artisanat - Produits r\u00e9gionaux\",\"publisher\":{\"@id\":\"https:\\\/\\\/produits-artisans-verdon.fr\\\/en\\\/#organization\"},\"potentialAction\":[{\"@type\":\"SearchAction\",\"target\":{\"@type\":\"EntryPoint\",\"urlTemplate\":\"https:\\\/\\\/produits-artisans-verdon.fr\\\/en\\\/?s={search_term_string}\"},\"query-input\":{\"@type\":\"PropertyValueSpecification\",\"valueRequired\":true,\"valueName\":\"search_term_string\"}}],\"inLanguage\":\"en-US\"},{\"@type\":\"Organization\",\"@id\":\"https:\\\/\\\/produits-artisans-verdon.fr\\\/en\\\/#organization\",\"name\":\"Maison de produits de pays du Verdon\",\"url\":\"https:\\\/\\\/produits-artisans-verdon.fr\\\/en\\\/\",\"logo\":{\"@type\":\"ImageObject\",\"inLanguage\":\"en-US\",\"@id\":\"https:\\\/\\\/produits-artisans-verdon.fr\\\/en\\\/#\\\/schema\\\/logo\\\/image\\\/\",\"url\":\"https:\\\/\\\/produits-artisans-verdon.fr\\\/wp-content\\\/uploads\\\/2019\\\/11\\\/logo-maison-produits-verdon1-e1575662228575.png\",\"contentUrl\":\"https:\\\/\\\/produits-artisans-verdon.fr\\\/wp-content\\\/uploads\\\/2019\\\/11\\\/logo-maison-produits-verdon1-e1575662228575.png\",\"width\":110,\"height\":107,\"caption\":\"Maison de produits de pays du Verdon\"},\"image\":{\"@id\":\"https:\\\/\\\/produits-artisans-verdon.fr\\\/en\\\/#\\\/schema\\\/logo\\\/image\\\/\"}}]}<\/script>\n<!-- \/ Yoast SEO plugin. -->","yoast_head_json":{"title":"Honey Licorice Balls - Maison de pays du Verdon","description":"Vente directe des producteurs et artisans du Verdon et du plateau de Valensole: produits r\u00e9gionaux, artisanat, miel, huile d'olive, amandes, lavande, p\u00e2t\u00e9s, confitures, sirops, liqueurs, cr\u00e8mes, savons... Produits naturels, agriculture raisonn\u00e9e ou bio.","robots":{"index":"index","follow":"follow","max-snippet":"max-snippet:-1","max-image-preview":"max-image-preview:large","max-video-preview":"max-video-preview:-1"},"canonical":"https:\/\/produits-artisans-verdon.fr\/en\/produit\/honey-licorice-balls\/","og_locale":"en_US","og_type":"article","og_title":"Honey Licorice Balls - Maison de pays du Verdon","og_description":"Vente directe des producteurs et artisans du Verdon et du plateau de Valensole: produits r\u00e9gionaux, artisanat, miel, huile d'olive, amandes, lavande, p\u00e2t\u00e9s, confitures, sirops, liqueurs, cr\u00e8mes, savons... Produits naturels, agriculture raisonn\u00e9e ou bio.","og_url":"https:\/\/produits-artisans-verdon.fr\/en\/produit\/honey-licorice-balls\/","og_site_name":"Maison de pays du Verdon","og_image":[{"width":635,"height":500,"url":"https:\/\/produits-artisans-verdon.fr\/wp-content\/uploads\/boule-reglisse-apior.jpg","type":"image\/jpeg"}],"twitter_card":"summary_large_image","schema":{"@context":"https:\/\/schema.org","@graph":[{"@type":"WebPage","@id":"https:\/\/produits-artisans-verdon.fr\/en\/produit\/honey-licorice-balls\/","url":"https:\/\/produits-artisans-verdon.fr\/en\/produit\/honey-licorice-balls\/","name":"Honey Licorice Balls - Maison de pays du Verdon","isPartOf":{"@id":"https:\/\/produits-artisans-verdon.fr\/en\/#website"},"primaryImageOfPage":{"@id":"https:\/\/produits-artisans-verdon.fr\/en\/produit\/honey-licorice-balls\/#primaryimage"},"image":{"@id":"https:\/\/produits-artisans-verdon.fr\/en\/produit\/honey-licorice-balls\/#primaryimage"},"thumbnailUrl":"https:\/\/produits-artisans-verdon.fr\/wp-content\/uploads\/boule-reglisse-apior.jpg","datePublished":"2016-03-22T09:33:29+00:00","description":"Vente directe des producteurs et artisans du Verdon et du plateau de Valensole: produits r\u00e9gionaux, artisanat, miel, huile d'olive, amandes, lavande, p\u00e2t\u00e9s, confitures, sirops, liqueurs, cr\u00e8mes, savons... Produits naturels, agriculture raisonn\u00e9e ou bio.","breadcrumb":{"@id":"https:\/\/produits-artisans-verdon.fr\/en\/produit\/honey-licorice-balls\/#breadcrumb"},"inLanguage":"en-US","potentialAction":[{"@type":"ReadAction","target":["https:\/\/produits-artisans-verdon.fr\/en\/produit\/honey-licorice-balls\/"]}]},{"@type":"ImageObject","inLanguage":"en-US","@id":"https:\/\/produits-artisans-verdon.fr\/en\/produit\/honey-licorice-balls\/#primaryimage","url":"https:\/\/produits-artisans-verdon.fr\/wp-content\/uploads\/boule-reglisse-apior.jpg","contentUrl":"https:\/\/produits-artisans-verdon.fr\/wp-content\/uploads\/boule-reglisse-apior.jpg","width":635,"height":500},{"@type":"BreadcrumbList","@id":"https:\/\/produits-artisans-verdon.fr\/en\/produit\/honey-licorice-balls\/#breadcrumb","itemListElement":[{"@type":"ListItem","position":1,"name":"Accueil","item":"https:\/\/produits-artisans-verdon.fr\/en\/"},{"@type":"ListItem","position":2,"name":"Shop","item":"https:\/\/produits-artisans-verdon.fr\/en\/shop\/"},{"@type":"ListItem","position":3,"name":"Honey Licorice Balls"}]},{"@type":"WebSite","@id":"https:\/\/produits-artisans-verdon.fr\/en\/#website","url":"https:\/\/produits-artisans-verdon.fr\/en\/","name":"Maison de pays du Verdon","description":"Artisanat - Produits r\u00e9gionaux","publisher":{"@id":"https:\/\/produits-artisans-verdon.fr\/en\/#organization"},"potentialAction":[{"@type":"SearchAction","target":{"@type":"EntryPoint","urlTemplate":"https:\/\/produits-artisans-verdon.fr\/en\/?s={search_term_string}"},"query-input":{"@type":"PropertyValueSpecification","valueRequired":true,"valueName":"search_term_string"}}],"inLanguage":"en-US"},{"@type":"Organization","@id":"https:\/\/produits-artisans-verdon.fr\/en\/#organization","name":"Maison de produits de pays du Verdon","url":"https:\/\/produits-artisans-verdon.fr\/en\/","logo":{"@type":"ImageObject","inLanguage":"en-US","@id":"https:\/\/produits-artisans-verdon.fr\/en\/#\/schema\/logo\/image\/","url":"https:\/\/produits-artisans-verdon.fr\/wp-content\/uploads\/2019\/11\/logo-maison-produits-verdon1-e1575662228575.png","contentUrl":"https:\/\/produits-artisans-verdon.fr\/wp-content\/uploads\/2019\/11\/logo-maison-produits-verdon1-e1575662228575.png","width":110,"height":107,"caption":"Maison de produits de pays du Verdon"},"image":{"@id":"https:\/\/produits-artisans-verdon.fr\/en\/#\/schema\/logo\/image\/"}}]}},"uagb_featured_image_src":{"full":["https:\/\/produits-artisans-verdon.fr\/wp-content\/uploads\/boule-reglisse-apior.jpg",635,500,false],"thumbnail":["https:\/\/produits-artisans-verdon.fr\/wp-content\/uploads\/boule-reglisse-apior-150x150.jpg",150,150,true],"medium":["https:\/\/produits-artisans-verdon.fr\/wp-content\/uploads\/boule-reglisse-apior-300x236.jpg",300,236,true],"medium_large":["https:\/\/produits-artisans-verdon.fr\/wp-content\/uploads\/boule-reglisse-apior.jpg",635,500,false],"large":["https:\/\/produits-artisans-verdon.fr\/wp-content\/uploads\/boule-reglisse-apior.jpg",635,500,false],"1536x1536":["https:\/\/produits-artisans-verdon.fr\/wp-content\/uploads\/boule-reglisse-apior.jpg",635,500,false],"2048x2048":["https:\/\/produits-artisans-verdon.fr\/wp-content\/uploads\/boule-reglisse-apior.jpg",635,500,false],"woocommerce_thumbnail":["https:\/\/produits-artisans-verdon.fr\/wp-content\/uploads\/boule-reglisse-apior-319x319.jpg",319,319,true],"woocommerce_single":["https:\/\/produits-artisans-verdon.fr\/wp-content\/uploads\/boule-reglisse-apior-600x472.jpg",600,472,true],"woocommerce_gallery_thumbnail":["https:\/\/produits-artisans-verdon.fr\/wp-content\/uploads\/boule-reglisse-apior-100x100.jpg",100,100,true]},"uagb_author_info":{"display_name":"cyber","author_link":"https:\/\/produits-artisans-verdon.fr\/en\/author\/"},"uagb_comment_info":0,"uagb_excerpt":"Honey Licorice Candy Ball","brands":[{"id":1328,"name":"APIOR","slug":"apior-en"}],"_links":{"self":[{"href":"https:\/\/produits-artisans-verdon.fr\/en\/wp-json\/wp\/v2\/product\/15318","targetHints":{"allow":["GET"]}}],"collection":[{"href":"https:\/\/produits-artisans-verdon.fr\/en\/wp-json\/wp\/v2\/product"}],"about":[{"href":"https:\/\/produits-artisans-verdon.fr\/en\/wp-json\/wp\/v2\/types\/product"}],"replies":[{"embeddable":true,"href":"https:\/\/produits-artisans-verdon.fr\/en\/wp-json\/wp\/v2\/comments?post=15318"}],"wp:featuredmedia":[{"embeddable":true,"href":"https:\/\/produits-artisans-verdon.fr\/en\/wp-json\/wp\/v2\/media\/5811"}],"wp:attachment":[{"href":"https:\/\/produits-artisans-verdon.fr\/en\/wp-json\/wp\/v2\/media?parent=15318"}],"wp:term":[{"taxonomy":"pwb-brand","embeddable":true,"href":"https:\/\/produits-artisans-verdon.fr\/en\/wp-json\/wp\/v2\/pwb-brand?post=15318"},{"taxonomy":"product_brand","embeddable":true,"href":"https:\/\/produits-artisans-verdon.fr\/en\/wp-json\/wp\/v2\/product_brand?post=15318"},{"taxonomy":"product_cat","embeddable":true,"href":"https:\/\/produits-artisans-verdon.fr\/en\/wp-json\/wp\/v2\/product_cat?post=15318"},{"taxonomy":"product_tag","embeddable":true,"href":"https:\/\/produits-artisans-verdon.fr\/en\/wp-json\/wp\/v2\/product_tag?post=15318"}],"curies":[{"name":"wp","href":"https:\/\/api.w.org\/{rel}","templated":true}]}}