{"id":6730,"date":"2016-03-15T14:45:17","date_gmt":"2016-03-15T13:45:17","guid":{"rendered":"https:\/\/produits-artisans-verdon.fr\/produit\/assortment-biscuits-500gr\/"},"modified":"2020-10-04T14:09:13","modified_gmt":"2020-10-04T12:09:13","slug":"assortment-biscuits-500gr","status":"publish","type":"product","link":"https:\/\/produits-artisans-verdon.fr\/en\/produit\/assortment-biscuits-500gr\/","title":{"rendered":"Assortment Biscuits 500gr"},"content":{"rendered":"<p>Ingredients: wheat flour, butter, sugar, Lavender Honey, Honey all flowers, almonds, nuts, eggs, milk, rum, orange blossom aroma, spices, Lavender, orange essential oils, vanilla extract, baking powder ( disodium diphosphate, sodium carbonate, acid, corn starch, acidifier : citric acid), salt.<\/p>\n","protected":false},"excerpt":{"rendered":"<p>Assortment Biscuits 500gr<\/p>\n<p>Crunchy almonds, navettes, stars from Moustiers, aniseed, Lavender heart.<\/p>\n","protected":false},"featured_media":8304,"comment_status":"open","ping_status":"closed","template":"","meta":{"_uag_custom_page_level_css":"","site-sidebar-layout":"default","site-content-layout":"","ast-site-content-layout":"default","site-content-style":"default","site-sidebar-style":"default","ast-global-header-display":"","ast-banner-title-visibility":"","ast-main-header-display":"","ast-hfb-above-header-display":"","ast-hfb-below-header-display":"","ast-hfb-mobile-header-display":"","site-post-title":"","ast-breadcrumbs-content":"","ast-featured-img":"","footer-sml-layout":"","ast-disable-related-posts":"","theme-transparent-header-meta":"","adv-header-id-meta":"","stick-header-meta":"","header-above-stick-meta":"","header-main-stick-meta":"","header-below-stick-meta":"","astra-migrate-meta-layouts":"default","ast-page-background-enabled":"default","ast-page-background-meta":{"desktop":{"background-color":"var(--ast-global-color-5)","background-image":"","background-repeat":"repeat","background-position":"center center","background-size":"auto","background-attachment":"scroll","background-type":"","background-media":"","overlay-type":"","overlay-color":"","overlay-opacity":"","overlay-gradient":""},"tablet":{"background-color":"","background-image":"","background-repeat":"repeat","background-position":"center center","background-size":"auto","background-attachment":"scroll","background-type":"","background-media":"","overlay-type":"","overlay-color":"","overlay-opacity":"","overlay-gradient":""},"mobile":{"background-color":"","background-image":"","background-repeat":"repeat","background-position":"center center","background-size":"auto","background-attachment":"scroll","background-type":"","background-media":"","overlay-type":"","overlay-color":"","overlay-opacity":"","overlay-gradient":""}},"ast-content-background-meta":{"desktop":{"background-color":"var(--ast-global-color-4)","background-image":"","background-repeat":"repeat","background-position":"center center","background-size":"auto","background-attachment":"scroll","background-type":"","background-media":"","overlay-type":"","overlay-color":"","overlay-opacity":"","overlay-gradient":""},"tablet":{"background-color":"var(--ast-global-color-4)","background-image":"","background-repeat":"repeat","background-position":"center center","background-size":"auto","background-attachment":"scroll","background-type":"","background-media":"","overlay-type":"","overlay-color":"","overlay-opacity":"","overlay-gradient":""},"mobile":{"background-color":"var(--ast-global-color-4)","background-image":"","background-repeat":"repeat","background-position":"center center","background-size":"auto","background-attachment":"scroll","background-type":"","background-media":"","overlay-type":"","overlay-color":"","overlay-opacity":"","overlay-gradient":""}}},"pwb-brand":[1336],"product_brand":[],"product_cat":[1325],"product_tag":[1330,1344,1326,1335,1343,1194,1258,1342,1331],"class_list":{"0":"post-6730","1":"product","2":"type-product","3":"status-publish","4":"has-post-thumbnail","6":"pwb-brand-biscuits-from-moustiers","7":"product_cat-biscuit","8":"product_tag-almonds-en","9":"product_tag-assortment","10":"product_tag-biscuit-en","11":"product_tag-crunchy","12":"product_tag-flower","13":"product_tag-honey","14":"product_tag-lavender-en","15":"product_tag-nuts","16":"product_tag-orange-en","17":"pa_poids-500gr","18":"desktop-align-left","19":"tablet-align-left","20":"mobile-align-left","22":"first","23":"instock","24":"taxable","25":"shipping-taxable","26":"purchasable","27":"product-type-simple"},"yoast_head":"<!-- This site is optimized with the Yoast SEO plugin v27.4 - https:\/\/yoast.com\/product\/yoast-seo-wordpress\/ -->\n<title>Assortment Biscuits 500gr - Maison de pays du Verdon<\/title>\n<meta name=\"description\" content=\"Vente directe des producteurs et artisans du Verdon et du plateau de Valensole: produits r\u00e9gionaux, artisanat, miel, huile d&#039;olive, amandes, lavande, p\u00e2t\u00e9s, confitures, sirops, liqueurs, cr\u00e8mes, savons... Produits naturels, agriculture raisonn\u00e9e ou bio.\" \/>\n<meta name=\"robots\" content=\"index, follow, max-snippet:-1, max-image-preview:large, max-video-preview:-1\" \/>\n<link rel=\"canonical\" href=\"https:\/\/produits-artisans-verdon.fr\/en\/produit\/assortment-biscuits-500gr\/\" \/>\n<meta property=\"og:locale\" content=\"en_US\" \/>\n<meta property=\"og:type\" content=\"article\" \/>\n<meta property=\"og:title\" content=\"Assortment Biscuits 500gr - Maison de pays du Verdon\" \/>\n<meta property=\"og:description\" content=\"Vente directe des producteurs et artisans du Verdon et du plateau de Valensole: produits r\u00e9gionaux, artisanat, miel, huile d&#039;olive, amandes, lavande, p\u00e2t\u00e9s, confitures, sirops, liqueurs, cr\u00e8mes, savons... Produits naturels, agriculture raisonn\u00e9e ou bio.\" \/>\n<meta property=\"og:url\" content=\"https:\/\/produits-artisans-verdon.fr\/en\/produit\/assortment-biscuits-500gr\/\" \/>\n<meta property=\"og:site_name\" content=\"Maison de pays du Verdon\" \/>\n<meta property=\"article:modified_time\" content=\"2020-10-04T12:09:13+00:00\" \/>\n<meta property=\"og:image\" content=\"https:\/\/produits-artisans-verdon.fr\/wp-content\/uploads\/melange-biscuit-molinatti.jpg\" \/>\n\t<meta property=\"og:image:width\" content=\"750\" \/>\n\t<meta property=\"og:image:height\" content=\"500\" \/>\n\t<meta property=\"og:image:type\" content=\"image\/jpeg\" \/>\n<meta name=\"twitter:card\" content=\"summary_large_image\" \/>\n<script type=\"application\/ld+json\" class=\"yoast-schema-graph\">{\"@context\":\"https:\\\/\\\/schema.org\",\"@graph\":[{\"@type\":\"WebPage\",\"@id\":\"https:\\\/\\\/produits-artisans-verdon.fr\\\/en\\\/produit\\\/assortment-biscuits-500gr\\\/\",\"url\":\"https:\\\/\\\/produits-artisans-verdon.fr\\\/en\\\/produit\\\/assortment-biscuits-500gr\\\/\",\"name\":\"Assortment Biscuits 500gr - Maison de pays du Verdon\",\"isPartOf\":{\"@id\":\"https:\\\/\\\/produits-artisans-verdon.fr\\\/en\\\/#website\"},\"primaryImageOfPage\":{\"@id\":\"https:\\\/\\\/produits-artisans-verdon.fr\\\/en\\\/produit\\\/assortment-biscuits-500gr\\\/#primaryimage\"},\"image\":{\"@id\":\"https:\\\/\\\/produits-artisans-verdon.fr\\\/en\\\/produit\\\/assortment-biscuits-500gr\\\/#primaryimage\"},\"thumbnailUrl\":\"https:\\\/\\\/produits-artisans-verdon.fr\\\/wp-content\\\/uploads\\\/melange-biscuit-molinatti.jpg\",\"datePublished\":\"2016-03-15T13:45:17+00:00\",\"dateModified\":\"2020-10-04T12:09:13+00:00\",\"description\":\"Vente directe des producteurs et artisans du Verdon et du plateau de Valensole: produits r\u00e9gionaux, artisanat, miel, huile d'olive, amandes, lavande, p\u00e2t\u00e9s, confitures, sirops, liqueurs, cr\u00e8mes, savons... Produits naturels, agriculture raisonn\u00e9e ou bio.\",\"breadcrumb\":{\"@id\":\"https:\\\/\\\/produits-artisans-verdon.fr\\\/en\\\/produit\\\/assortment-biscuits-500gr\\\/#breadcrumb\"},\"inLanguage\":\"en-US\",\"potentialAction\":[{\"@type\":\"ReadAction\",\"target\":[\"https:\\\/\\\/produits-artisans-verdon.fr\\\/en\\\/produit\\\/assortment-biscuits-500gr\\\/\"]}]},{\"@type\":\"ImageObject\",\"inLanguage\":\"en-US\",\"@id\":\"https:\\\/\\\/produits-artisans-verdon.fr\\\/en\\\/produit\\\/assortment-biscuits-500gr\\\/#primaryimage\",\"url\":\"https:\\\/\\\/produits-artisans-verdon.fr\\\/wp-content\\\/uploads\\\/melange-biscuit-molinatti.jpg\",\"contentUrl\":\"https:\\\/\\\/produits-artisans-verdon.fr\\\/wp-content\\\/uploads\\\/melange-biscuit-molinatti.jpg\",\"width\":750,\"height\":500},{\"@type\":\"BreadcrumbList\",\"@id\":\"https:\\\/\\\/produits-artisans-verdon.fr\\\/en\\\/produit\\\/assortment-biscuits-500gr\\\/#breadcrumb\",\"itemListElement\":[{\"@type\":\"ListItem\",\"position\":1,\"name\":\"Accueil\",\"item\":\"https:\\\/\\\/produits-artisans-verdon.fr\\\/en\\\/\"},{\"@type\":\"ListItem\",\"position\":2,\"name\":\"Shop\",\"item\":\"https:\\\/\\\/produits-artisans-verdon.fr\\\/en\\\/shop\\\/\"},{\"@type\":\"ListItem\",\"position\":3,\"name\":\"Assortment Biscuits 500gr\"}]},{\"@type\":\"WebSite\",\"@id\":\"https:\\\/\\\/produits-artisans-verdon.fr\\\/en\\\/#website\",\"url\":\"https:\\\/\\\/produits-artisans-verdon.fr\\\/en\\\/\",\"name\":\"Maison de pays du Verdon\",\"description\":\"Artisanat - Produits r\u00e9gionaux\",\"publisher\":{\"@id\":\"https:\\\/\\\/produits-artisans-verdon.fr\\\/en\\\/#organization\"},\"potentialAction\":[{\"@type\":\"SearchAction\",\"target\":{\"@type\":\"EntryPoint\",\"urlTemplate\":\"https:\\\/\\\/produits-artisans-verdon.fr\\\/en\\\/?s={search_term_string}\"},\"query-input\":{\"@type\":\"PropertyValueSpecification\",\"valueRequired\":true,\"valueName\":\"search_term_string\"}}],\"inLanguage\":\"en-US\"},{\"@type\":\"Organization\",\"@id\":\"https:\\\/\\\/produits-artisans-verdon.fr\\\/en\\\/#organization\",\"name\":\"Maison de produits de pays du Verdon\",\"url\":\"https:\\\/\\\/produits-artisans-verdon.fr\\\/en\\\/\",\"logo\":{\"@type\":\"ImageObject\",\"inLanguage\":\"en-US\",\"@id\":\"https:\\\/\\\/produits-artisans-verdon.fr\\\/en\\\/#\\\/schema\\\/logo\\\/image\\\/\",\"url\":\"https:\\\/\\\/produits-artisans-verdon.fr\\\/wp-content\\\/uploads\\\/2019\\\/11\\\/logo-maison-produits-verdon1-e1575662228575.png\",\"contentUrl\":\"https:\\\/\\\/produits-artisans-verdon.fr\\\/wp-content\\\/uploads\\\/2019\\\/11\\\/logo-maison-produits-verdon1-e1575662228575.png\",\"width\":110,\"height\":107,\"caption\":\"Maison de produits de pays du Verdon\"},\"image\":{\"@id\":\"https:\\\/\\\/produits-artisans-verdon.fr\\\/en\\\/#\\\/schema\\\/logo\\\/image\\\/\"}}]}<\/script>\n<!-- \/ Yoast SEO plugin. -->","yoast_head_json":{"title":"Assortment Biscuits 500gr - Maison de pays du Verdon","description":"Vente directe des producteurs et artisans du Verdon et du plateau de Valensole: produits r\u00e9gionaux, artisanat, miel, huile d'olive, amandes, lavande, p\u00e2t\u00e9s, confitures, sirops, liqueurs, cr\u00e8mes, savons... Produits naturels, agriculture raisonn\u00e9e ou bio.","robots":{"index":"index","follow":"follow","max-snippet":"max-snippet:-1","max-image-preview":"max-image-preview:large","max-video-preview":"max-video-preview:-1"},"canonical":"https:\/\/produits-artisans-verdon.fr\/en\/produit\/assortment-biscuits-500gr\/","og_locale":"en_US","og_type":"article","og_title":"Assortment Biscuits 500gr - Maison de pays du Verdon","og_description":"Vente directe des producteurs et artisans du Verdon et du plateau de Valensole: produits r\u00e9gionaux, artisanat, miel, huile d'olive, amandes, lavande, p\u00e2t\u00e9s, confitures, sirops, liqueurs, cr\u00e8mes, savons... Produits naturels, agriculture raisonn\u00e9e ou bio.","og_url":"https:\/\/produits-artisans-verdon.fr\/en\/produit\/assortment-biscuits-500gr\/","og_site_name":"Maison de pays du Verdon","article_modified_time":"2020-10-04T12:09:13+00:00","og_image":[{"width":750,"height":500,"url":"https:\/\/produits-artisans-verdon.fr\/wp-content\/uploads\/melange-biscuit-molinatti.jpg","type":"image\/jpeg"}],"twitter_card":"summary_large_image","schema":{"@context":"https:\/\/schema.org","@graph":[{"@type":"WebPage","@id":"https:\/\/produits-artisans-verdon.fr\/en\/produit\/assortment-biscuits-500gr\/","url":"https:\/\/produits-artisans-verdon.fr\/en\/produit\/assortment-biscuits-500gr\/","name":"Assortment Biscuits 500gr - Maison de pays du Verdon","isPartOf":{"@id":"https:\/\/produits-artisans-verdon.fr\/en\/#website"},"primaryImageOfPage":{"@id":"https:\/\/produits-artisans-verdon.fr\/en\/produit\/assortment-biscuits-500gr\/#primaryimage"},"image":{"@id":"https:\/\/produits-artisans-verdon.fr\/en\/produit\/assortment-biscuits-500gr\/#primaryimage"},"thumbnailUrl":"https:\/\/produits-artisans-verdon.fr\/wp-content\/uploads\/melange-biscuit-molinatti.jpg","datePublished":"2016-03-15T13:45:17+00:00","dateModified":"2020-10-04T12:09:13+00:00","description":"Vente directe des producteurs et artisans du Verdon et du plateau de Valensole: produits r\u00e9gionaux, artisanat, miel, huile d'olive, amandes, lavande, p\u00e2t\u00e9s, confitures, sirops, liqueurs, cr\u00e8mes, savons... Produits naturels, agriculture raisonn\u00e9e ou bio.","breadcrumb":{"@id":"https:\/\/produits-artisans-verdon.fr\/en\/produit\/assortment-biscuits-500gr\/#breadcrumb"},"inLanguage":"en-US","potentialAction":[{"@type":"ReadAction","target":["https:\/\/produits-artisans-verdon.fr\/en\/produit\/assortment-biscuits-500gr\/"]}]},{"@type":"ImageObject","inLanguage":"en-US","@id":"https:\/\/produits-artisans-verdon.fr\/en\/produit\/assortment-biscuits-500gr\/#primaryimage","url":"https:\/\/produits-artisans-verdon.fr\/wp-content\/uploads\/melange-biscuit-molinatti.jpg","contentUrl":"https:\/\/produits-artisans-verdon.fr\/wp-content\/uploads\/melange-biscuit-molinatti.jpg","width":750,"height":500},{"@type":"BreadcrumbList","@id":"https:\/\/produits-artisans-verdon.fr\/en\/produit\/assortment-biscuits-500gr\/#breadcrumb","itemListElement":[{"@type":"ListItem","position":1,"name":"Accueil","item":"https:\/\/produits-artisans-verdon.fr\/en\/"},{"@type":"ListItem","position":2,"name":"Shop","item":"https:\/\/produits-artisans-verdon.fr\/en\/shop\/"},{"@type":"ListItem","position":3,"name":"Assortment Biscuits 500gr"}]},{"@type":"WebSite","@id":"https:\/\/produits-artisans-verdon.fr\/en\/#website","url":"https:\/\/produits-artisans-verdon.fr\/en\/","name":"Maison de pays du Verdon","description":"Artisanat - Produits r\u00e9gionaux","publisher":{"@id":"https:\/\/produits-artisans-verdon.fr\/en\/#organization"},"potentialAction":[{"@type":"SearchAction","target":{"@type":"EntryPoint","urlTemplate":"https:\/\/produits-artisans-verdon.fr\/en\/?s={search_term_string}"},"query-input":{"@type":"PropertyValueSpecification","valueRequired":true,"valueName":"search_term_string"}}],"inLanguage":"en-US"},{"@type":"Organization","@id":"https:\/\/produits-artisans-verdon.fr\/en\/#organization","name":"Maison de produits de pays du Verdon","url":"https:\/\/produits-artisans-verdon.fr\/en\/","logo":{"@type":"ImageObject","inLanguage":"en-US","@id":"https:\/\/produits-artisans-verdon.fr\/en\/#\/schema\/logo\/image\/","url":"https:\/\/produits-artisans-verdon.fr\/wp-content\/uploads\/2019\/11\/logo-maison-produits-verdon1-e1575662228575.png","contentUrl":"https:\/\/produits-artisans-verdon.fr\/wp-content\/uploads\/2019\/11\/logo-maison-produits-verdon1-e1575662228575.png","width":110,"height":107,"caption":"Maison de produits de pays du Verdon"},"image":{"@id":"https:\/\/produits-artisans-verdon.fr\/en\/#\/schema\/logo\/image\/"}}]}},"uagb_featured_image_src":{"full":["https:\/\/produits-artisans-verdon.fr\/wp-content\/uploads\/melange-biscuit-molinatti.jpg",750,500,false],"thumbnail":["https:\/\/produits-artisans-verdon.fr\/wp-content\/uploads\/melange-biscuit-molinatti-150x150.jpg",150,150,true],"medium":["https:\/\/produits-artisans-verdon.fr\/wp-content\/uploads\/melange-biscuit-molinatti-300x200.jpg",300,200,true],"medium_large":["https:\/\/produits-artisans-verdon.fr\/wp-content\/uploads\/melange-biscuit-molinatti.jpg",750,500,false],"large":["https:\/\/produits-artisans-verdon.fr\/wp-content\/uploads\/melange-biscuit-molinatti.jpg",750,500,false],"1536x1536":["https:\/\/produits-artisans-verdon.fr\/wp-content\/uploads\/melange-biscuit-molinatti.jpg",750,500,false],"2048x2048":["https:\/\/produits-artisans-verdon.fr\/wp-content\/uploads\/melange-biscuit-molinatti.jpg",750,500,false],"woocommerce_thumbnail":["https:\/\/produits-artisans-verdon.fr\/wp-content\/uploads\/melange-biscuit-molinatti-319x319.jpg",319,319,true],"woocommerce_single":["https:\/\/produits-artisans-verdon.fr\/wp-content\/uploads\/melange-biscuit-molinatti-600x400.jpg",600,400,true],"woocommerce_gallery_thumbnail":["https:\/\/produits-artisans-verdon.fr\/wp-content\/uploads\/melange-biscuit-molinatti-100x100.jpg",100,100,true]},"uagb_author_info":{"display_name":"Maison","author_link":"https:\/\/produits-artisans-verdon.fr\/en\/author\/"},"uagb_comment_info":0,"uagb_excerpt":"Assortment Biscuits 500gr Crunchy almonds, navettes, stars from Moustiers, aniseed, Lavender heart.","brands":[{"id":1336,"name":"Biscuits from Moustiers","slug":"biscuits-from-moustiers"}],"_links":{"self":[{"href":"https:\/\/produits-artisans-verdon.fr\/en\/wp-json\/wp\/v2\/product\/6730","targetHints":{"allow":["GET"]}}],"collection":[{"href":"https:\/\/produits-artisans-verdon.fr\/en\/wp-json\/wp\/v2\/product"}],"about":[{"href":"https:\/\/produits-artisans-verdon.fr\/en\/wp-json\/wp\/v2\/types\/product"}],"replies":[{"embeddable":true,"href":"https:\/\/produits-artisans-verdon.fr\/en\/wp-json\/wp\/v2\/comments?post=6730"}],"wp:featuredmedia":[{"embeddable":true,"href":"https:\/\/produits-artisans-verdon.fr\/en\/wp-json\/wp\/v2\/media\/8304"}],"wp:attachment":[{"href":"https:\/\/produits-artisans-verdon.fr\/en\/wp-json\/wp\/v2\/media?parent=6730"}],"wp:term":[{"taxonomy":"pwb-brand","embeddable":true,"href":"https:\/\/produits-artisans-verdon.fr\/en\/wp-json\/wp\/v2\/pwb-brand?post=6730"},{"taxonomy":"product_brand","embeddable":true,"href":"https:\/\/produits-artisans-verdon.fr\/en\/wp-json\/wp\/v2\/product_brand?post=6730"},{"taxonomy":"product_cat","embeddable":true,"href":"https:\/\/produits-artisans-verdon.fr\/en\/wp-json\/wp\/v2\/product_cat?post=6730"},{"taxonomy":"product_tag","embeddable":true,"href":"https:\/\/produits-artisans-verdon.fr\/en\/wp-json\/wp\/v2\/product_tag?post=6730"}],"curies":[{"name":"wp","href":"https:\/\/api.w.org\/{rel}","templated":true}]}}