{"id":6765,"date":"2020-02-22T17:05:12","date_gmt":"2020-02-22T16:05:12","guid":{"rendered":"https:\/\/produits-artisans-verdon.fr\/produit\/aleppo-memory-soap\/"},"modified":"2020-06-09T16:01:44","modified_gmt":"2020-06-09T14:01:44","slug":"aleppo-memory-soap","status":"publish","type":"product","link":"https:\/\/produits-artisans-verdon.fr\/en\/produit\/aleppo-memory-soap\/","title":{"rendered":"Aleppo memory Soap"},"content":{"rendered":"<p>This gentle and artisanel method is said to be in opposition to the industrial &#8216;hot&#8217; method, or cooking in a cauldron at high temperature (Marseille soap).<br \/>\nSaponification is a natural chemical reaction between a fatty substance ( acid) and a base, soda or potash.<\/p>\n<p>Artisanal method, cold saponification has three major advantages:<\/p>\n<p>-Work at low temperature, wich allows the qualities and properties of the vegetable oils used to be preserved.<\/p>\n<p>-The conservation of glycerine, gives the soaps an unrivaled softness which makes them real cosmetic care products.<\/p>\n<p>-No impact on the environment: 100% biodegradable, our soaps do not cause any pollution.<\/p>\n<p>Ingredients: Sodium olivate*, Laurus nobilis leaf\/stem water*, glycerin***, sodium olivate *, \/Laurus nobilis leaf extract*.<\/p>\n<p>*From Organic farming<\/p>\n<p>**Natural components of essentials oils.<\/p>\n<p>***Resulting from saponification.<\/p>\n<p>&nbsp;<\/p>\n","protected":false},"excerpt":{"rendered":"<p>Aleppo memory Soap:Pure olive and laurel (without essential oil)<\/p>\n","protected":false},"featured_media":7753,"comment_status":"open","ping_status":"closed","template":"","meta":{"_uag_custom_page_level_css":"","site-sidebar-layout":"default","site-content-layout":"","ast-site-content-layout":"default","site-content-style":"default","site-sidebar-style":"default","ast-global-header-display":"","ast-banner-title-visibility":"","ast-main-header-display":"","ast-hfb-above-header-display":"","ast-hfb-below-header-display":"","ast-hfb-mobile-header-display":"","site-post-title":"","ast-breadcrumbs-content":"","ast-featured-img":"","footer-sml-layout":"","ast-disable-related-posts":"","theme-transparent-header-meta":"","adv-header-id-meta":"","stick-header-meta":"","header-above-stick-meta":"","header-main-stick-meta":"","header-below-stick-meta":"","astra-migrate-meta-layouts":"default","ast-page-background-enabled":"default","ast-page-background-meta":{"desktop":{"background-color":"var(--ast-global-color-5)","background-image":"","background-repeat":"repeat","background-position":"center center","background-size":"auto","background-attachment":"scroll","background-type":"","background-media":"","overlay-type":"","overlay-color":"","overlay-opacity":"","overlay-gradient":""},"tablet":{"background-color":"","background-image":"","background-repeat":"repeat","background-position":"center center","background-size":"auto","background-attachment":"scroll","background-type":"","background-media":"","overlay-type":"","overlay-color":"","overlay-opacity":"","overlay-gradient":""},"mobile":{"background-color":"","background-image":"","background-repeat":"repeat","background-position":"center center","background-size":"auto","background-attachment":"scroll","background-type":"","background-media":"","overlay-type":"","overlay-color":"","overlay-opacity":"","overlay-gradient":""}},"ast-content-background-meta":{"desktop":{"background-color":"var(--ast-global-color-4)","background-image":"","background-repeat":"repeat","background-position":"center center","background-size":"auto","background-attachment":"scroll","background-type":"","background-media":"","overlay-type":"","overlay-color":"","overlay-opacity":"","overlay-gradient":""},"tablet":{"background-color":"var(--ast-global-color-4)","background-image":"","background-repeat":"repeat","background-position":"center center","background-size":"auto","background-attachment":"scroll","background-type":"","background-media":"","overlay-type":"","overlay-color":"","overlay-opacity":"","overlay-gradient":""},"mobile":{"background-color":"var(--ast-global-color-4)","background-image":"","background-repeat":"repeat","background-position":"center center","background-size":"auto","background-attachment":"scroll","background-type":"","background-media":"","overlay-type":"","overlay-color":"","overlay-opacity":"","overlay-gradient":""}}},"pwb-brand":[1369],"product_brand":[],"product_cat":[1364],"product_tag":[1366,1193,1368,1367],"class_list":{"0":"post-6765","1":"product","2":"type-product","3":"status-publish","4":"has-post-thumbnail","6":"pwb-brand-verdon-roses-aromes-en","7":"product_cat-soaps-en","8":"product_tag-organic-en","9":"product_tag-provence-en","10":"product_tag-smell","11":"product_tag-soaps","12":"pa_poids-100-gr","13":"pa_volume-75cl","14":"desktop-align-left","15":"tablet-align-left","16":"mobile-align-left","18":"first","19":"instock","20":"taxable","21":"shipping-taxable","22":"purchasable","23":"product-type-simple"},"yoast_head":"<!-- This site is optimized with the Yoast SEO plugin v27.4 - https:\/\/yoast.com\/product\/yoast-seo-wordpress\/ -->\n<title>Aleppo memory Soap - Maison de pays du Verdon<\/title>\n<meta name=\"description\" content=\"Vente directe des producteurs et artisans du Verdon et du plateau de Valensole: produits r\u00e9gionaux, artisanat, miel, huile d&#039;olive, amandes, lavande, p\u00e2t\u00e9s, confitures, sirops, liqueurs, cr\u00e8mes, savons... Produits naturels, agriculture raisonn\u00e9e ou bio.\" \/>\n<meta name=\"robots\" content=\"index, follow, max-snippet:-1, max-image-preview:large, max-video-preview:-1\" \/>\n<link rel=\"canonical\" href=\"https:\/\/produits-artisans-verdon.fr\/en\/produit\/aleppo-memory-soap\/\" \/>\n<meta property=\"og:locale\" content=\"en_US\" \/>\n<meta property=\"og:type\" content=\"article\" \/>\n<meta property=\"og:title\" content=\"Aleppo memory Soap - Maison de pays du Verdon\" \/>\n<meta property=\"og:description\" content=\"Vente directe des producteurs et artisans du Verdon et du plateau de Valensole: produits r\u00e9gionaux, artisanat, miel, huile d&#039;olive, amandes, lavande, p\u00e2t\u00e9s, confitures, sirops, liqueurs, cr\u00e8mes, savons... Produits naturels, agriculture raisonn\u00e9e ou bio.\" \/>\n<meta property=\"og:url\" content=\"https:\/\/produits-artisans-verdon.fr\/en\/produit\/aleppo-memory-soap\/\" \/>\n<meta property=\"og:site_name\" content=\"Maison de pays du Verdon\" \/>\n<meta property=\"article:modified_time\" content=\"2020-06-09T14:01:44+00:00\" \/>\n<meta property=\"og:image\" content=\"https:\/\/produits-artisans-verdon.fr\/wp-content\/uploads\/savon-alep.jpg\" \/>\n\t<meta property=\"og:image:width\" content=\"375\" \/>\n\t<meta property=\"og:image:height\" content=\"500\" \/>\n\t<meta property=\"og:image:type\" content=\"image\/jpeg\" \/>\n<meta name=\"twitter:card\" content=\"summary_large_image\" \/>\n<meta name=\"twitter:label1\" content=\"Est. reading time\" \/>\n\t<meta name=\"twitter:data1\" content=\"1 minute\" \/>\n<script type=\"application\/ld+json\" class=\"yoast-schema-graph\">{\"@context\":\"https:\\\/\\\/schema.org\",\"@graph\":[{\"@type\":\"WebPage\",\"@id\":\"https:\\\/\\\/produits-artisans-verdon.fr\\\/en\\\/produit\\\/aleppo-memory-soap\\\/\",\"url\":\"https:\\\/\\\/produits-artisans-verdon.fr\\\/en\\\/produit\\\/aleppo-memory-soap\\\/\",\"name\":\"Aleppo memory Soap - Maison de pays du Verdon\",\"isPartOf\":{\"@id\":\"https:\\\/\\\/produits-artisans-verdon.fr\\\/en\\\/#website\"},\"primaryImageOfPage\":{\"@id\":\"https:\\\/\\\/produits-artisans-verdon.fr\\\/en\\\/produit\\\/aleppo-memory-soap\\\/#primaryimage\"},\"image\":{\"@id\":\"https:\\\/\\\/produits-artisans-verdon.fr\\\/en\\\/produit\\\/aleppo-memory-soap\\\/#primaryimage\"},\"thumbnailUrl\":\"https:\\\/\\\/produits-artisans-verdon.fr\\\/wp-content\\\/uploads\\\/savon-alep.jpg\",\"datePublished\":\"2020-02-22T16:05:12+00:00\",\"dateModified\":\"2020-06-09T14:01:44+00:00\",\"description\":\"Vente directe des producteurs et artisans du Verdon et du plateau de Valensole: produits r\u00e9gionaux, artisanat, miel, huile d'olive, amandes, lavande, p\u00e2t\u00e9s, confitures, sirops, liqueurs, cr\u00e8mes, savons... Produits naturels, agriculture raisonn\u00e9e ou bio.\",\"breadcrumb\":{\"@id\":\"https:\\\/\\\/produits-artisans-verdon.fr\\\/en\\\/produit\\\/aleppo-memory-soap\\\/#breadcrumb\"},\"inLanguage\":\"en-US\",\"potentialAction\":[{\"@type\":\"ReadAction\",\"target\":[\"https:\\\/\\\/produits-artisans-verdon.fr\\\/en\\\/produit\\\/aleppo-memory-soap\\\/\"]}]},{\"@type\":\"ImageObject\",\"inLanguage\":\"en-US\",\"@id\":\"https:\\\/\\\/produits-artisans-verdon.fr\\\/en\\\/produit\\\/aleppo-memory-soap\\\/#primaryimage\",\"url\":\"https:\\\/\\\/produits-artisans-verdon.fr\\\/wp-content\\\/uploads\\\/savon-alep.jpg\",\"contentUrl\":\"https:\\\/\\\/produits-artisans-verdon.fr\\\/wp-content\\\/uploads\\\/savon-alep.jpg\",\"width\":375,\"height\":500},{\"@type\":\"BreadcrumbList\",\"@id\":\"https:\\\/\\\/produits-artisans-verdon.fr\\\/en\\\/produit\\\/aleppo-memory-soap\\\/#breadcrumb\",\"itemListElement\":[{\"@type\":\"ListItem\",\"position\":1,\"name\":\"Accueil\",\"item\":\"https:\\\/\\\/produits-artisans-verdon.fr\\\/en\\\/\"},{\"@type\":\"ListItem\",\"position\":2,\"name\":\"Shop\",\"item\":\"https:\\\/\\\/produits-artisans-verdon.fr\\\/en\\\/shop\\\/\"},{\"@type\":\"ListItem\",\"position\":3,\"name\":\"Aleppo memory Soap\"}]},{\"@type\":\"WebSite\",\"@id\":\"https:\\\/\\\/produits-artisans-verdon.fr\\\/en\\\/#website\",\"url\":\"https:\\\/\\\/produits-artisans-verdon.fr\\\/en\\\/\",\"name\":\"Maison de pays du Verdon\",\"description\":\"Artisanat - Produits r\u00e9gionaux\",\"publisher\":{\"@id\":\"https:\\\/\\\/produits-artisans-verdon.fr\\\/en\\\/#organization\"},\"potentialAction\":[{\"@type\":\"SearchAction\",\"target\":{\"@type\":\"EntryPoint\",\"urlTemplate\":\"https:\\\/\\\/produits-artisans-verdon.fr\\\/en\\\/?s={search_term_string}\"},\"query-input\":{\"@type\":\"PropertyValueSpecification\",\"valueRequired\":true,\"valueName\":\"search_term_string\"}}],\"inLanguage\":\"en-US\"},{\"@type\":\"Organization\",\"@id\":\"https:\\\/\\\/produits-artisans-verdon.fr\\\/en\\\/#organization\",\"name\":\"Maison de produits de pays du Verdon\",\"url\":\"https:\\\/\\\/produits-artisans-verdon.fr\\\/en\\\/\",\"logo\":{\"@type\":\"ImageObject\",\"inLanguage\":\"en-US\",\"@id\":\"https:\\\/\\\/produits-artisans-verdon.fr\\\/en\\\/#\\\/schema\\\/logo\\\/image\\\/\",\"url\":\"https:\\\/\\\/produits-artisans-verdon.fr\\\/wp-content\\\/uploads\\\/2019\\\/11\\\/logo-maison-produits-verdon1-e1575662228575.png\",\"contentUrl\":\"https:\\\/\\\/produits-artisans-verdon.fr\\\/wp-content\\\/uploads\\\/2019\\\/11\\\/logo-maison-produits-verdon1-e1575662228575.png\",\"width\":110,\"height\":107,\"caption\":\"Maison de produits de pays du Verdon\"},\"image\":{\"@id\":\"https:\\\/\\\/produits-artisans-verdon.fr\\\/en\\\/#\\\/schema\\\/logo\\\/image\\\/\"}}]}<\/script>\n<!-- \/ Yoast SEO plugin. -->","yoast_head_json":{"title":"Aleppo memory Soap - Maison de pays du Verdon","description":"Vente directe des producteurs et artisans du Verdon et du plateau de Valensole: produits r\u00e9gionaux, artisanat, miel, huile d'olive, amandes, lavande, p\u00e2t\u00e9s, confitures, sirops, liqueurs, cr\u00e8mes, savons... Produits naturels, agriculture raisonn\u00e9e ou bio.","robots":{"index":"index","follow":"follow","max-snippet":"max-snippet:-1","max-image-preview":"max-image-preview:large","max-video-preview":"max-video-preview:-1"},"canonical":"https:\/\/produits-artisans-verdon.fr\/en\/produit\/aleppo-memory-soap\/","og_locale":"en_US","og_type":"article","og_title":"Aleppo memory Soap - Maison de pays du Verdon","og_description":"Vente directe des producteurs et artisans du Verdon et du plateau de Valensole: produits r\u00e9gionaux, artisanat, miel, huile d'olive, amandes, lavande, p\u00e2t\u00e9s, confitures, sirops, liqueurs, cr\u00e8mes, savons... Produits naturels, agriculture raisonn\u00e9e ou bio.","og_url":"https:\/\/produits-artisans-verdon.fr\/en\/produit\/aleppo-memory-soap\/","og_site_name":"Maison de pays du Verdon","article_modified_time":"2020-06-09T14:01:44+00:00","og_image":[{"width":375,"height":500,"url":"https:\/\/produits-artisans-verdon.fr\/wp-content\/uploads\/savon-alep.jpg","type":"image\/jpeg"}],"twitter_card":"summary_large_image","twitter_misc":{"Est. reading time":"1 minute"},"schema":{"@context":"https:\/\/schema.org","@graph":[{"@type":"WebPage","@id":"https:\/\/produits-artisans-verdon.fr\/en\/produit\/aleppo-memory-soap\/","url":"https:\/\/produits-artisans-verdon.fr\/en\/produit\/aleppo-memory-soap\/","name":"Aleppo memory Soap - Maison de pays du Verdon","isPartOf":{"@id":"https:\/\/produits-artisans-verdon.fr\/en\/#website"},"primaryImageOfPage":{"@id":"https:\/\/produits-artisans-verdon.fr\/en\/produit\/aleppo-memory-soap\/#primaryimage"},"image":{"@id":"https:\/\/produits-artisans-verdon.fr\/en\/produit\/aleppo-memory-soap\/#primaryimage"},"thumbnailUrl":"https:\/\/produits-artisans-verdon.fr\/wp-content\/uploads\/savon-alep.jpg","datePublished":"2020-02-22T16:05:12+00:00","dateModified":"2020-06-09T14:01:44+00:00","description":"Vente directe des producteurs et artisans du Verdon et du plateau de Valensole: produits r\u00e9gionaux, artisanat, miel, huile d'olive, amandes, lavande, p\u00e2t\u00e9s, confitures, sirops, liqueurs, cr\u00e8mes, savons... Produits naturels, agriculture raisonn\u00e9e ou bio.","breadcrumb":{"@id":"https:\/\/produits-artisans-verdon.fr\/en\/produit\/aleppo-memory-soap\/#breadcrumb"},"inLanguage":"en-US","potentialAction":[{"@type":"ReadAction","target":["https:\/\/produits-artisans-verdon.fr\/en\/produit\/aleppo-memory-soap\/"]}]},{"@type":"ImageObject","inLanguage":"en-US","@id":"https:\/\/produits-artisans-verdon.fr\/en\/produit\/aleppo-memory-soap\/#primaryimage","url":"https:\/\/produits-artisans-verdon.fr\/wp-content\/uploads\/savon-alep.jpg","contentUrl":"https:\/\/produits-artisans-verdon.fr\/wp-content\/uploads\/savon-alep.jpg","width":375,"height":500},{"@type":"BreadcrumbList","@id":"https:\/\/produits-artisans-verdon.fr\/en\/produit\/aleppo-memory-soap\/#breadcrumb","itemListElement":[{"@type":"ListItem","position":1,"name":"Accueil","item":"https:\/\/produits-artisans-verdon.fr\/en\/"},{"@type":"ListItem","position":2,"name":"Shop","item":"https:\/\/produits-artisans-verdon.fr\/en\/shop\/"},{"@type":"ListItem","position":3,"name":"Aleppo memory Soap"}]},{"@type":"WebSite","@id":"https:\/\/produits-artisans-verdon.fr\/en\/#website","url":"https:\/\/produits-artisans-verdon.fr\/en\/","name":"Maison de pays du Verdon","description":"Artisanat - Produits r\u00e9gionaux","publisher":{"@id":"https:\/\/produits-artisans-verdon.fr\/en\/#organization"},"potentialAction":[{"@type":"SearchAction","target":{"@type":"EntryPoint","urlTemplate":"https:\/\/produits-artisans-verdon.fr\/en\/?s={search_term_string}"},"query-input":{"@type":"PropertyValueSpecification","valueRequired":true,"valueName":"search_term_string"}}],"inLanguage":"en-US"},{"@type":"Organization","@id":"https:\/\/produits-artisans-verdon.fr\/en\/#organization","name":"Maison de produits de pays du Verdon","url":"https:\/\/produits-artisans-verdon.fr\/en\/","logo":{"@type":"ImageObject","inLanguage":"en-US","@id":"https:\/\/produits-artisans-verdon.fr\/en\/#\/schema\/logo\/image\/","url":"https:\/\/produits-artisans-verdon.fr\/wp-content\/uploads\/2019\/11\/logo-maison-produits-verdon1-e1575662228575.png","contentUrl":"https:\/\/produits-artisans-verdon.fr\/wp-content\/uploads\/2019\/11\/logo-maison-produits-verdon1-e1575662228575.png","width":110,"height":107,"caption":"Maison de produits de pays du Verdon"},"image":{"@id":"https:\/\/produits-artisans-verdon.fr\/en\/#\/schema\/logo\/image\/"}}]}},"uagb_featured_image_src":{"full":["https:\/\/produits-artisans-verdon.fr\/wp-content\/uploads\/savon-alep.jpg",375,500,false],"thumbnail":["https:\/\/produits-artisans-verdon.fr\/wp-content\/uploads\/savon-alep-150x150.jpg",150,150,true],"medium":["https:\/\/produits-artisans-verdon.fr\/wp-content\/uploads\/savon-alep-225x300.jpg",225,300,true],"medium_large":["https:\/\/produits-artisans-verdon.fr\/wp-content\/uploads\/savon-alep.jpg",375,500,false],"large":["https:\/\/produits-artisans-verdon.fr\/wp-content\/uploads\/savon-alep.jpg",375,500,false],"1536x1536":["https:\/\/produits-artisans-verdon.fr\/wp-content\/uploads\/savon-alep.jpg",375,500,false],"2048x2048":["https:\/\/produits-artisans-verdon.fr\/wp-content\/uploads\/savon-alep.jpg",375,500,false],"woocommerce_thumbnail":["https:\/\/produits-artisans-verdon.fr\/wp-content\/uploads\/savon-alep-319x319.jpg",319,319,true],"woocommerce_single":["https:\/\/produits-artisans-verdon.fr\/wp-content\/uploads\/savon-alep.jpg",375,500,false],"woocommerce_gallery_thumbnail":["https:\/\/produits-artisans-verdon.fr\/wp-content\/uploads\/savon-alep-100x100.jpg",100,100,true]},"uagb_author_info":{"display_name":"Maison","author_link":"https:\/\/produits-artisans-verdon.fr\/en\/author\/"},"uagb_comment_info":0,"uagb_excerpt":"Aleppo memory Soap:Pure olive and laurel (without essential oil)","brands":[{"id":1369,"name":"Verdon Roses &amp; Ar\u00f4mes","slug":"verdon-roses-aromes-en"}],"_links":{"self":[{"href":"https:\/\/produits-artisans-verdon.fr\/en\/wp-json\/wp\/v2\/product\/6765","targetHints":{"allow":["GET"]}}],"collection":[{"href":"https:\/\/produits-artisans-verdon.fr\/en\/wp-json\/wp\/v2\/product"}],"about":[{"href":"https:\/\/produits-artisans-verdon.fr\/en\/wp-json\/wp\/v2\/types\/product"}],"replies":[{"embeddable":true,"href":"https:\/\/produits-artisans-verdon.fr\/en\/wp-json\/wp\/v2\/comments?post=6765"}],"wp:featuredmedia":[{"embeddable":true,"href":"https:\/\/produits-artisans-verdon.fr\/en\/wp-json\/wp\/v2\/media\/7753"}],"wp:attachment":[{"href":"https:\/\/produits-artisans-verdon.fr\/en\/wp-json\/wp\/v2\/media?parent=6765"}],"wp:term":[{"taxonomy":"pwb-brand","embeddable":true,"href":"https:\/\/produits-artisans-verdon.fr\/en\/wp-json\/wp\/v2\/pwb-brand?post=6765"},{"taxonomy":"product_brand","embeddable":true,"href":"https:\/\/produits-artisans-verdon.fr\/en\/wp-json\/wp\/v2\/product_brand?post=6765"},{"taxonomy":"product_cat","embeddable":true,"href":"https:\/\/produits-artisans-verdon.fr\/en\/wp-json\/wp\/v2\/product_cat?post=6765"},{"taxonomy":"product_tag","embeddable":true,"href":"https:\/\/produits-artisans-verdon.fr\/en\/wp-json\/wp\/v2\/product_tag?post=6765"}],"curies":[{"name":"wp","href":"https:\/\/api.w.org\/{rel}","templated":true}]}}