{"id":6850,"date":"2018-02-28T15:09:26","date_gmt":"2018-02-28T14:09:26","guid":{"rendered":"https:\/\/produits-artisans-verdon.fr\/produit\/damask-rose-hydrosol-500ml\/"},"modified":"2020-10-17T10:06:07","modified_gmt":"2020-10-17T08:06:07","slug":"damask-rose-hydrosol-500ml","status":"publish","type":"product","link":"https:\/\/produits-artisans-verdon.fr\/en\/produit\/damask-rose-hydrosol-500ml\/","title":{"rendered":"Damask rose hydrosol 500ml"},"content":{"rendered":"<p><strong>facial care<\/strong><br \/>\nIt\u2019s a wonderful beauty floral water.<\/p>\n<p>Mythical and fabulous, the Damascus rose offers a hydrosol both powerful and subtle, indicated for the toilet of sensitive and fragile skin. Astringent, invigorating and refreshing, it calms redness, feelings of irritation or tightness.<\/p>\n<p><strong>Orally<\/strong><br \/>\nis renowned for its astringency for helping to get rid of rebellious coughs, also for promoting the feeling of harmony and inner peace.<br \/>\nPeriod of upheaval: change, mourning, separation &#8230;. As a cure for 21 days to be renewed if necessary after 10 days of cessation.<\/p>\n<p><strong>The flower<\/strong><br \/>\nDiscovered by the West during crusades, it is of unknown origin: perhaps the result of a spontaneous cross between Rosa Gallica and Rosa Canina? The very fragrant Damascus Rose contains essential oil which is extracted by distillation. This very precious oil has some 500 different active ingredients, which makes it one of the most complex essential oils. It takes 3.5 tonnes of roses to make 1 liter of oil.<\/p>\n","protected":false},"excerpt":{"rendered":"<p>Rose hydrosol, floral water<\/p>\n","protected":false},"featured_media":4058,"comment_status":"open","ping_status":"closed","template":"","meta":{"_uag_custom_page_level_css":"","site-sidebar-layout":"default","site-content-layout":"","ast-site-content-layout":"default","site-content-style":"default","site-sidebar-style":"default","ast-global-header-display":"","ast-banner-title-visibility":"","ast-main-header-display":"","ast-hfb-above-header-display":"","ast-hfb-below-header-display":"","ast-hfb-mobile-header-display":"","site-post-title":"","ast-breadcrumbs-content":"","ast-featured-img":"","footer-sml-layout":"","ast-disable-related-posts":"","theme-transparent-header-meta":"","adv-header-id-meta":"","stick-header-meta":"","header-above-stick-meta":"","header-main-stick-meta":"","header-below-stick-meta":"","astra-migrate-meta-layouts":"default","ast-page-background-enabled":"default","ast-page-background-meta":{"desktop":{"background-color":"var(--ast-global-color-5)","background-image":"","background-repeat":"repeat","background-position":"center center","background-size":"auto","background-attachment":"scroll","background-type":"","background-media":"","overlay-type":"","overlay-color":"","overlay-opacity":"","overlay-gradient":""},"tablet":{"background-color":"","background-image":"","background-repeat":"repeat","background-position":"center center","background-size":"auto","background-attachment":"scroll","background-type":"","background-media":"","overlay-type":"","overlay-color":"","overlay-opacity":"","overlay-gradient":""},"mobile":{"background-color":"","background-image":"","background-repeat":"repeat","background-position":"center center","background-size":"auto","background-attachment":"scroll","background-type":"","background-media":"","overlay-type":"","overlay-color":"","overlay-opacity":"","overlay-gradient":""}},"ast-content-background-meta":{"desktop":{"background-color":"var(--ast-global-color-4)","background-image":"","background-repeat":"repeat","background-position":"center center","background-size":"auto","background-attachment":"scroll","background-type":"","background-media":"","overlay-type":"","overlay-color":"","overlay-opacity":"","overlay-gradient":""},"tablet":{"background-color":"var(--ast-global-color-4)","background-image":"","background-repeat":"repeat","background-position":"center center","background-size":"auto","background-attachment":"scroll","background-type":"","background-media":"","overlay-type":"","overlay-color":"","overlay-opacity":"","overlay-gradient":""},"mobile":{"background-color":"var(--ast-global-color-4)","background-image":"","background-repeat":"repeat","background-position":"center center","background-size":"auto","background-attachment":"scroll","background-type":"","background-media":"","overlay-type":"","overlay-color":"","overlay-opacity":"","overlay-gradient":""}}},"pwb-brand":[1369],"product_brand":[],"product_cat":[1463],"product_tag":[1477,1459,1466,1465,1464,1478,1365,1479],"class_list":{"0":"post-6850","1":"product","2":"type-product","3":"status-publish","4":"has-post-thumbnail","6":"pwb-brand-verdon-roses-aromes-en","7":"product_cat-floral-water","8":"product_tag-astringent","9":"product_tag-cure-en","10":"product_tag-damask","11":"product_tag-floral","12":"product_tag-floral-water","13":"product_tag-invigorating","14":"product_tag-rose-en","15":"product_tag-softening","16":"pa_volume-200ml","17":"desktop-align-left","18":"tablet-align-left","19":"mobile-align-left","21":"first","22":"outofstock","23":"taxable","24":"shipping-taxable","25":"purchasable","26":"product-type-simple"},"yoast_head":"<!-- This site is optimized with the Yoast SEO plugin v27.4 - https:\/\/yoast.com\/product\/yoast-seo-wordpress\/ -->\n<title>Damask rose hydrosol 500ml - Maison de pays du Verdon<\/title>\n<meta name=\"description\" content=\"Vente directe des producteurs et artisans du Verdon et du plateau de Valensole: produits r\u00e9gionaux, artisanat, miel, huile d&#039;olive, amandes, lavande, p\u00e2t\u00e9s, confitures, sirops, liqueurs, cr\u00e8mes, savons... Produits naturels, agriculture raisonn\u00e9e ou bio.\" \/>\n<meta name=\"robots\" content=\"index, follow, max-snippet:-1, max-image-preview:large, max-video-preview:-1\" \/>\n<link rel=\"canonical\" href=\"https:\/\/produits-artisans-verdon.fr\/en\/produit\/damask-rose-hydrosol-500ml\/\" \/>\n<meta property=\"og:locale\" content=\"en_US\" \/>\n<meta property=\"og:type\" content=\"article\" \/>\n<meta property=\"og:title\" content=\"Damask rose hydrosol 500ml - Maison de pays du Verdon\" \/>\n<meta property=\"og:description\" content=\"Vente directe des producteurs et artisans du Verdon et du plateau de Valensole: produits r\u00e9gionaux, artisanat, miel, huile d&#039;olive, amandes, lavande, p\u00e2t\u00e9s, confitures, sirops, liqueurs, cr\u00e8mes, savons... Produits naturels, agriculture raisonn\u00e9e ou bio.\" \/>\n<meta property=\"og:url\" content=\"https:\/\/produits-artisans-verdon.fr\/en\/produit\/damask-rose-hydrosol-500ml\/\" \/>\n<meta property=\"og:site_name\" content=\"Maison de pays du Verdon\" \/>\n<meta property=\"article:modified_time\" content=\"2020-10-17T08:06:07+00:00\" \/>\n<meta property=\"og:image\" content=\"https:\/\/produits-artisans-verdon.fr\/wp-content\/uploads\/p\/1\/0\/8\/3\/1083-thickbox_default-Hydrolat-de-rose-de-Damas.jpg\" \/>\n\t<meta property=\"og:image:width\" content=\"500\" \/>\n\t<meta property=\"og:image:height\" content=\"500\" \/>\n\t<meta property=\"og:image:type\" content=\"image\/jpeg\" \/>\n<meta name=\"twitter:card\" content=\"summary_large_image\" \/>\n<meta name=\"twitter:label1\" content=\"Est. reading time\" \/>\n\t<meta name=\"twitter:data1\" content=\"1 minute\" \/>\n<script type=\"application\/ld+json\" class=\"yoast-schema-graph\">{\"@context\":\"https:\\\/\\\/schema.org\",\"@graph\":[{\"@type\":\"WebPage\",\"@id\":\"https:\\\/\\\/produits-artisans-verdon.fr\\\/en\\\/produit\\\/damask-rose-hydrosol-500ml\\\/\",\"url\":\"https:\\\/\\\/produits-artisans-verdon.fr\\\/en\\\/produit\\\/damask-rose-hydrosol-500ml\\\/\",\"name\":\"Damask rose hydrosol 500ml - Maison de pays du Verdon\",\"isPartOf\":{\"@id\":\"https:\\\/\\\/produits-artisans-verdon.fr\\\/en\\\/#website\"},\"primaryImageOfPage\":{\"@id\":\"https:\\\/\\\/produits-artisans-verdon.fr\\\/en\\\/produit\\\/damask-rose-hydrosol-500ml\\\/#primaryimage\"},\"image\":{\"@id\":\"https:\\\/\\\/produits-artisans-verdon.fr\\\/en\\\/produit\\\/damask-rose-hydrosol-500ml\\\/#primaryimage\"},\"thumbnailUrl\":\"https:\\\/\\\/produits-artisans-verdon.fr\\\/wp-content\\\/uploads\\\/p\\\/1\\\/0\\\/8\\\/3\\\/1083-thickbox_default-Hydrolat-de-rose-de-Damas.jpg\",\"datePublished\":\"2018-02-28T14:09:26+00:00\",\"dateModified\":\"2020-10-17T08:06:07+00:00\",\"description\":\"Vente directe des producteurs et artisans du Verdon et du plateau de Valensole: produits r\u00e9gionaux, artisanat, miel, huile d'olive, amandes, lavande, p\u00e2t\u00e9s, confitures, sirops, liqueurs, cr\u00e8mes, savons... Produits naturels, agriculture raisonn\u00e9e ou bio.\",\"breadcrumb\":{\"@id\":\"https:\\\/\\\/produits-artisans-verdon.fr\\\/en\\\/produit\\\/damask-rose-hydrosol-500ml\\\/#breadcrumb\"},\"inLanguage\":\"en-US\",\"potentialAction\":[{\"@type\":\"ReadAction\",\"target\":[\"https:\\\/\\\/produits-artisans-verdon.fr\\\/en\\\/produit\\\/damask-rose-hydrosol-500ml\\\/\"]}]},{\"@type\":\"ImageObject\",\"inLanguage\":\"en-US\",\"@id\":\"https:\\\/\\\/produits-artisans-verdon.fr\\\/en\\\/produit\\\/damask-rose-hydrosol-500ml\\\/#primaryimage\",\"url\":\"https:\\\/\\\/produits-artisans-verdon.fr\\\/wp-content\\\/uploads\\\/p\\\/1\\\/0\\\/8\\\/3\\\/1083-thickbox_default-Hydrolat-de-rose-de-Damas.jpg\",\"contentUrl\":\"https:\\\/\\\/produits-artisans-verdon.fr\\\/wp-content\\\/uploads\\\/p\\\/1\\\/0\\\/8\\\/3\\\/1083-thickbox_default-Hydrolat-de-rose-de-Damas.jpg\",\"width\":500,\"height\":500,\"caption\":\"Damask rose hydrosol\"},{\"@type\":\"BreadcrumbList\",\"@id\":\"https:\\\/\\\/produits-artisans-verdon.fr\\\/en\\\/produit\\\/damask-rose-hydrosol-500ml\\\/#breadcrumb\",\"itemListElement\":[{\"@type\":\"ListItem\",\"position\":1,\"name\":\"Accueil\",\"item\":\"https:\\\/\\\/produits-artisans-verdon.fr\\\/en\\\/\"},{\"@type\":\"ListItem\",\"position\":2,\"name\":\"Shop\",\"item\":\"https:\\\/\\\/produits-artisans-verdon.fr\\\/en\\\/shop\\\/\"},{\"@type\":\"ListItem\",\"position\":3,\"name\":\"Damask rose hydrosol 500ml\"}]},{\"@type\":\"WebSite\",\"@id\":\"https:\\\/\\\/produits-artisans-verdon.fr\\\/en\\\/#website\",\"url\":\"https:\\\/\\\/produits-artisans-verdon.fr\\\/en\\\/\",\"name\":\"Maison de pays du Verdon\",\"description\":\"Artisanat - Produits r\u00e9gionaux\",\"publisher\":{\"@id\":\"https:\\\/\\\/produits-artisans-verdon.fr\\\/en\\\/#organization\"},\"potentialAction\":[{\"@type\":\"SearchAction\",\"target\":{\"@type\":\"EntryPoint\",\"urlTemplate\":\"https:\\\/\\\/produits-artisans-verdon.fr\\\/en\\\/?s={search_term_string}\"},\"query-input\":{\"@type\":\"PropertyValueSpecification\",\"valueRequired\":true,\"valueName\":\"search_term_string\"}}],\"inLanguage\":\"en-US\"},{\"@type\":\"Organization\",\"@id\":\"https:\\\/\\\/produits-artisans-verdon.fr\\\/en\\\/#organization\",\"name\":\"Maison de produits de pays du Verdon\",\"url\":\"https:\\\/\\\/produits-artisans-verdon.fr\\\/en\\\/\",\"logo\":{\"@type\":\"ImageObject\",\"inLanguage\":\"en-US\",\"@id\":\"https:\\\/\\\/produits-artisans-verdon.fr\\\/en\\\/#\\\/schema\\\/logo\\\/image\\\/\",\"url\":\"https:\\\/\\\/produits-artisans-verdon.fr\\\/wp-content\\\/uploads\\\/2019\\\/11\\\/logo-maison-produits-verdon1-e1575662228575.png\",\"contentUrl\":\"https:\\\/\\\/produits-artisans-verdon.fr\\\/wp-content\\\/uploads\\\/2019\\\/11\\\/logo-maison-produits-verdon1-e1575662228575.png\",\"width\":110,\"height\":107,\"caption\":\"Maison de produits de pays du Verdon\"},\"image\":{\"@id\":\"https:\\\/\\\/produits-artisans-verdon.fr\\\/en\\\/#\\\/schema\\\/logo\\\/image\\\/\"}}]}<\/script>\n<!-- \/ Yoast SEO plugin. -->","yoast_head_json":{"title":"Damask rose hydrosol 500ml - Maison de pays du Verdon","description":"Vente directe des producteurs et artisans du Verdon et du plateau de Valensole: produits r\u00e9gionaux, artisanat, miel, huile d'olive, amandes, lavande, p\u00e2t\u00e9s, confitures, sirops, liqueurs, cr\u00e8mes, savons... Produits naturels, agriculture raisonn\u00e9e ou bio.","robots":{"index":"index","follow":"follow","max-snippet":"max-snippet:-1","max-image-preview":"max-image-preview:large","max-video-preview":"max-video-preview:-1"},"canonical":"https:\/\/produits-artisans-verdon.fr\/en\/produit\/damask-rose-hydrosol-500ml\/","og_locale":"en_US","og_type":"article","og_title":"Damask rose hydrosol 500ml - Maison de pays du Verdon","og_description":"Vente directe des producteurs et artisans du Verdon et du plateau de Valensole: produits r\u00e9gionaux, artisanat, miel, huile d'olive, amandes, lavande, p\u00e2t\u00e9s, confitures, sirops, liqueurs, cr\u00e8mes, savons... Produits naturels, agriculture raisonn\u00e9e ou bio.","og_url":"https:\/\/produits-artisans-verdon.fr\/en\/produit\/damask-rose-hydrosol-500ml\/","og_site_name":"Maison de pays du Verdon","article_modified_time":"2020-10-17T08:06:07+00:00","og_image":[{"width":500,"height":500,"url":"https:\/\/produits-artisans-verdon.fr\/wp-content\/uploads\/p\/1\/0\/8\/3\/1083-thickbox_default-Hydrolat-de-rose-de-Damas.jpg","type":"image\/jpeg"}],"twitter_card":"summary_large_image","twitter_misc":{"Est. reading time":"1 minute"},"schema":{"@context":"https:\/\/schema.org","@graph":[{"@type":"WebPage","@id":"https:\/\/produits-artisans-verdon.fr\/en\/produit\/damask-rose-hydrosol-500ml\/","url":"https:\/\/produits-artisans-verdon.fr\/en\/produit\/damask-rose-hydrosol-500ml\/","name":"Damask rose hydrosol 500ml - Maison de pays du Verdon","isPartOf":{"@id":"https:\/\/produits-artisans-verdon.fr\/en\/#website"},"primaryImageOfPage":{"@id":"https:\/\/produits-artisans-verdon.fr\/en\/produit\/damask-rose-hydrosol-500ml\/#primaryimage"},"image":{"@id":"https:\/\/produits-artisans-verdon.fr\/en\/produit\/damask-rose-hydrosol-500ml\/#primaryimage"},"thumbnailUrl":"https:\/\/produits-artisans-verdon.fr\/wp-content\/uploads\/p\/1\/0\/8\/3\/1083-thickbox_default-Hydrolat-de-rose-de-Damas.jpg","datePublished":"2018-02-28T14:09:26+00:00","dateModified":"2020-10-17T08:06:07+00:00","description":"Vente directe des producteurs et artisans du Verdon et du plateau de Valensole: produits r\u00e9gionaux, artisanat, miel, huile d'olive, amandes, lavande, p\u00e2t\u00e9s, confitures, sirops, liqueurs, cr\u00e8mes, savons... Produits naturels, agriculture raisonn\u00e9e ou bio.","breadcrumb":{"@id":"https:\/\/produits-artisans-verdon.fr\/en\/produit\/damask-rose-hydrosol-500ml\/#breadcrumb"},"inLanguage":"en-US","potentialAction":[{"@type":"ReadAction","target":["https:\/\/produits-artisans-verdon.fr\/en\/produit\/damask-rose-hydrosol-500ml\/"]}]},{"@type":"ImageObject","inLanguage":"en-US","@id":"https:\/\/produits-artisans-verdon.fr\/en\/produit\/damask-rose-hydrosol-500ml\/#primaryimage","url":"https:\/\/produits-artisans-verdon.fr\/wp-content\/uploads\/p\/1\/0\/8\/3\/1083-thickbox_default-Hydrolat-de-rose-de-Damas.jpg","contentUrl":"https:\/\/produits-artisans-verdon.fr\/wp-content\/uploads\/p\/1\/0\/8\/3\/1083-thickbox_default-Hydrolat-de-rose-de-Damas.jpg","width":500,"height":500,"caption":"Damask rose hydrosol"},{"@type":"BreadcrumbList","@id":"https:\/\/produits-artisans-verdon.fr\/en\/produit\/damask-rose-hydrosol-500ml\/#breadcrumb","itemListElement":[{"@type":"ListItem","position":1,"name":"Accueil","item":"https:\/\/produits-artisans-verdon.fr\/en\/"},{"@type":"ListItem","position":2,"name":"Shop","item":"https:\/\/produits-artisans-verdon.fr\/en\/shop\/"},{"@type":"ListItem","position":3,"name":"Damask rose hydrosol 500ml"}]},{"@type":"WebSite","@id":"https:\/\/produits-artisans-verdon.fr\/en\/#website","url":"https:\/\/produits-artisans-verdon.fr\/en\/","name":"Maison de pays du Verdon","description":"Artisanat - Produits r\u00e9gionaux","publisher":{"@id":"https:\/\/produits-artisans-verdon.fr\/en\/#organization"},"potentialAction":[{"@type":"SearchAction","target":{"@type":"EntryPoint","urlTemplate":"https:\/\/produits-artisans-verdon.fr\/en\/?s={search_term_string}"},"query-input":{"@type":"PropertyValueSpecification","valueRequired":true,"valueName":"search_term_string"}}],"inLanguage":"en-US"},{"@type":"Organization","@id":"https:\/\/produits-artisans-verdon.fr\/en\/#organization","name":"Maison de produits de pays du Verdon","url":"https:\/\/produits-artisans-verdon.fr\/en\/","logo":{"@type":"ImageObject","inLanguage":"en-US","@id":"https:\/\/produits-artisans-verdon.fr\/en\/#\/schema\/logo\/image\/","url":"https:\/\/produits-artisans-verdon.fr\/wp-content\/uploads\/2019\/11\/logo-maison-produits-verdon1-e1575662228575.png","contentUrl":"https:\/\/produits-artisans-verdon.fr\/wp-content\/uploads\/2019\/11\/logo-maison-produits-verdon1-e1575662228575.png","width":110,"height":107,"caption":"Maison de produits de pays du Verdon"},"image":{"@id":"https:\/\/produits-artisans-verdon.fr\/en\/#\/schema\/logo\/image\/"}}]}},"uagb_featured_image_src":{"full":["https:\/\/produits-artisans-verdon.fr\/wp-content\/uploads\/p\/1\/0\/8\/3\/1083-thickbox_default-Hydrolat-de-rose-de-Damas.jpg",500,500,false],"thumbnail":["https:\/\/produits-artisans-verdon.fr\/wp-content\/uploads\/p\/1\/0\/8\/3\/1083-thickbox_default-Hydrolat-de-rose-de-Damas-150x150.jpg",150,150,true],"medium":["https:\/\/produits-artisans-verdon.fr\/wp-content\/uploads\/p\/1\/0\/8\/3\/1083-thickbox_default-Hydrolat-de-rose-de-Damas-300x300.jpg",300,300,true],"medium_large":["https:\/\/produits-artisans-verdon.fr\/wp-content\/uploads\/p\/1\/0\/8\/3\/1083-thickbox_default-Hydrolat-de-rose-de-Damas.jpg",500,500,false],"large":["https:\/\/produits-artisans-verdon.fr\/wp-content\/uploads\/p\/1\/0\/8\/3\/1083-thickbox_default-Hydrolat-de-rose-de-Damas.jpg",500,500,false],"1536x1536":["https:\/\/produits-artisans-verdon.fr\/wp-content\/uploads\/p\/1\/0\/8\/3\/1083-thickbox_default-Hydrolat-de-rose-de-Damas.jpg",500,500,false],"2048x2048":["https:\/\/produits-artisans-verdon.fr\/wp-content\/uploads\/p\/1\/0\/8\/3\/1083-thickbox_default-Hydrolat-de-rose-de-Damas.jpg",500,500,false],"woocommerce_thumbnail":["https:\/\/produits-artisans-verdon.fr\/wp-content\/uploads\/p\/1\/0\/8\/3\/1083-thickbox_default-Hydrolat-de-rose-de-Damas-319x319.jpg",319,319,true],"woocommerce_single":["https:\/\/produits-artisans-verdon.fr\/wp-content\/uploads\/p\/1\/0\/8\/3\/1083-thickbox_default-Hydrolat-de-rose-de-Damas.jpg",500,500,false],"woocommerce_gallery_thumbnail":["https:\/\/produits-artisans-verdon.fr\/wp-content\/uploads\/p\/1\/0\/8\/3\/1083-thickbox_default-Hydrolat-de-rose-de-Damas-100x100.jpg",100,100,true]},"uagb_author_info":{"display_name":"Maison","author_link":"https:\/\/produits-artisans-verdon.fr\/en\/author\/"},"uagb_comment_info":0,"uagb_excerpt":"Rose hydrosol, floral water","brands":[{"id":1369,"name":"Verdon Roses &amp; Ar\u00f4mes","slug":"verdon-roses-aromes-en"}],"_links":{"self":[{"href":"https:\/\/produits-artisans-verdon.fr\/en\/wp-json\/wp\/v2\/product\/6850","targetHints":{"allow":["GET"]}}],"collection":[{"href":"https:\/\/produits-artisans-verdon.fr\/en\/wp-json\/wp\/v2\/product"}],"about":[{"href":"https:\/\/produits-artisans-verdon.fr\/en\/wp-json\/wp\/v2\/types\/product"}],"replies":[{"embeddable":true,"href":"https:\/\/produits-artisans-verdon.fr\/en\/wp-json\/wp\/v2\/comments?post=6850"}],"wp:featuredmedia":[{"embeddable":true,"href":"https:\/\/produits-artisans-verdon.fr\/en\/wp-json\/wp\/v2\/media\/4058"}],"wp:attachment":[{"href":"https:\/\/produits-artisans-verdon.fr\/en\/wp-json\/wp\/v2\/media?parent=6850"}],"wp:term":[{"taxonomy":"pwb-brand","embeddable":true,"href":"https:\/\/produits-artisans-verdon.fr\/en\/wp-json\/wp\/v2\/pwb-brand?post=6850"},{"taxonomy":"product_brand","embeddable":true,"href":"https:\/\/produits-artisans-verdon.fr\/en\/wp-json\/wp\/v2\/product_brand?post=6850"},{"taxonomy":"product_cat","embeddable":true,"href":"https:\/\/produits-artisans-verdon.fr\/en\/wp-json\/wp\/v2\/product_cat?post=6850"},{"taxonomy":"product_tag","embeddable":true,"href":"https:\/\/produits-artisans-verdon.fr\/en\/wp-json\/wp\/v2\/product_tag?post=6850"}],"curies":[{"name":"wp","href":"https:\/\/api.w.org\/{rel}","templated":true}]}}